{"id":126,"date":"2019-11-07T12:36:19","date_gmt":"2019-11-07T11:36:19","guid":{"rendered":"http:\/\/tlscontact.noprod-lampeu.brainsonic.com\/home-page\/"},"modified":"2025-08-01T15:06:48","modified_gmt":"2025-08-01T13:06:48","slug":"page-daccueil","status":"publish","type":"page","link":"https:\/\/www.tlscontact.com\/fr\/","title":{"rendered":"Page d\u2019accueil"},"content":{"rendered":"","protected":false},"excerpt":{"rendered":"","protected":false},"author":1,"featured_media":0,"parent":0,"menu_order":0,"comment_status":"closed","ping_status":"closed","template":"front-page.php","meta":{"_acf_changed":false,"inline_featured_image":false,"footnotes":""},"class_list":["post-126","page","type-page","status-publish","hentry"],"acf":[],"yoast_head":"<!-- This site is optimized with the Yoast SEO plugin v27.2 - https:\/\/yoast.com\/product\/yoast-seo-wordpress\/ -->\n<title>Page d\u2019accueil - TLScontact<\/title>\n<meta name=\"description\" content=\"Chez\u00a0TLScontact, nous\u00a0collectons\u00a0les\u00a0demandes de visa et de\u00a0services consulaires pour\u00a0le compte d\u2019administrations gouvernementales \u00e0 travers le monde. Nous g\u00e9rons l&#039;interaction avec les demandeurs via un r\u00e9seau \u00e9tendu de centres, pour permettre \u00e0 nos clients gouvernementaux de se concentrer sur l&#039;instruction des dossiers et les t\u00e2ches r\u00e9galiennes.\" \/>\n<meta name=\"robots\" content=\"index, follow, max-snippet:-1, max-image-preview:large, max-video-preview:-1\" \/>\n<link rel=\"canonical\" href=\"https:\/\/www.tlscontact.com\/fr\/\" \/>\n<meta property=\"og:locale\" content=\"fr_FR\" \/>\n<meta property=\"og:type\" content=\"article\" \/>\n<meta property=\"og:title\" content=\"Page d\u2019accueil - TLScontact\" \/>\n<meta property=\"og:description\" content=\"Chez\u00a0TLScontact, nous\u00a0collectons\u00a0les\u00a0demandes de visa et de\u00a0services consulaires pour\u00a0le compte d\u2019administrations gouvernementales \u00e0 travers le monde. Nous g\u00e9rons l&#039;interaction avec les demandeurs via un r\u00e9seau \u00e9tendu de centres, pour permettre \u00e0 nos clients gouvernementaux de se concentrer sur l&#039;instruction des dossiers et les t\u00e2ches r\u00e9galiennes.\" \/>\n<meta property=\"og:url\" content=\"https:\/\/www.tlscontact.com\/fr\/\" \/>\n<meta property=\"og:site_name\" content=\"TLScontact\" \/>\n<meta property=\"article:modified_time\" content=\"2025-08-01T13:06:48+00:00\" \/>\n<meta name=\"twitter:card\" content=\"summary_large_image\" \/>\n<script type=\"application\/ld+json\" class=\"yoast-schema-graph\">{\"@context\":\"https:\/\/schema.org\",\"@graph\":[{\"@type\":\"WebPage\",\"@id\":\"https:\/\/www.tlscontact.com\/fr\/\",\"url\":\"https:\/\/www.tlscontact.com\/fr\/\",\"name\":\"Page d\u2019accueil - TLScontact\",\"isPartOf\":{\"@id\":\"https:\/\/www.tlscontact.com\/en\/#website\"},\"datePublished\":\"2019-11-07T11:36:19+00:00\",\"dateModified\":\"2025-08-01T13:06:48+00:00\",\"description\":\"Chez\u00a0TLScontact, nous\u00a0collectons\u00a0les\u00a0demandes de visa et de\u00a0services consulaires pour\u00a0le compte d\u2019administrations gouvernementales \u00e0 travers le monde. Nous g\u00e9rons l'interaction avec les demandeurs via un r\u00e9seau \u00e9tendu de centres, pour permettre \u00e0 nos clients gouvernementaux de se concentrer sur l'instruction des dossiers et les t\u00e2ches r\u00e9galiennes.\",\"breadcrumb\":{\"@id\":\"https:\/\/www.tlscontact.com\/fr\/#breadcrumb\"},\"inLanguage\":\"fr-FR\",\"potentialAction\":[{\"@type\":\"ReadAction\",\"target\":[\"https:\/\/www.tlscontact.com\/fr\/\"]}]},{\"@type\":\"BreadcrumbList\",\"@id\":\"https:\/\/www.tlscontact.com\/fr\/#breadcrumb\",\"itemListElement\":[{\"@type\":\"ListItem\",\"position\":1,\"name\":\"Home\",\"item\":\"https:\/\/www.tlscontact.com\/fr\/\"},{\"@type\":\"ListItem\",\"position\":2,\"name\":\"Page d\u2019accueil\"}]},{\"@type\":\"WebSite\",\"@id\":\"https:\/\/www.tlscontact.com\/en\/#website\",\"url\":\"https:\/\/www.tlscontact.com\/en\/\",\"name\":\"TLScontact\",\"description\":\"Your visa partner\",\"potentialAction\":[{\"@type\":\"SearchAction\",\"target\":{\"@type\":\"EntryPoint\",\"urlTemplate\":\"https:\/\/www.tlscontact.com\/en\/?s={search_term_string}\"},\"query-input\":{\"@type\":\"PropertyValueSpecification\",\"valueRequired\":true,\"valueName\":\"search_term_string\"}}],\"inLanguage\":\"fr-FR\"}]}<\/script>\n<!-- \/ Yoast SEO plugin. -->","yoast_head_json":{"title":"Page d\u2019accueil - TLScontact","description":"Chez\u00a0TLScontact, nous\u00a0collectons\u00a0les\u00a0demandes de visa et de\u00a0services consulaires pour\u00a0le compte d\u2019administrations gouvernementales \u00e0 travers le monde. Nous g\u00e9rons l'interaction avec les demandeurs via un r\u00e9seau \u00e9tendu de centres, pour permettre \u00e0 nos clients gouvernementaux de se concentrer sur l'instruction des dossiers et les t\u00e2ches r\u00e9galiennes.","robots":{"index":"index","follow":"follow","max-snippet":"max-snippet:-1","max-image-preview":"max-image-preview:large","max-video-preview":"max-video-preview:-1"},"canonical":"https:\/\/www.tlscontact.com\/fr\/","og_locale":"fr_FR","og_type":"article","og_title":"Page d\u2019accueil - TLScontact","og_description":"Chez\u00a0TLScontact, nous\u00a0collectons\u00a0les\u00a0demandes de visa et de\u00a0services consulaires pour\u00a0le compte d\u2019administrations gouvernementales \u00e0 travers le monde. Nous g\u00e9rons l'interaction avec les demandeurs via un r\u00e9seau \u00e9tendu de centres, pour permettre \u00e0 nos clients gouvernementaux de se concentrer sur l'instruction des dossiers et les t\u00e2ches r\u00e9galiennes.","og_url":"https:\/\/www.tlscontact.com\/fr\/","og_site_name":"TLScontact","article_modified_time":"2025-08-01T13:06:48+00:00","twitter_card":"summary_large_image","schema":{"@context":"https:\/\/schema.org","@graph":[{"@type":"WebPage","@id":"https:\/\/www.tlscontact.com\/fr\/","url":"https:\/\/www.tlscontact.com\/fr\/","name":"Page d\u2019accueil - TLScontact","isPartOf":{"@id":"https:\/\/www.tlscontact.com\/en\/#website"},"datePublished":"2019-11-07T11:36:19+00:00","dateModified":"2025-08-01T13:06:48+00:00","description":"Chez\u00a0TLScontact, nous\u00a0collectons\u00a0les\u00a0demandes de visa et de\u00a0services consulaires pour\u00a0le compte d\u2019administrations gouvernementales \u00e0 travers le monde. Nous g\u00e9rons l'interaction avec les demandeurs via un r\u00e9seau \u00e9tendu de centres, pour permettre \u00e0 nos clients gouvernementaux de se concentrer sur l'instruction des dossiers et les t\u00e2ches r\u00e9galiennes.","breadcrumb":{"@id":"https:\/\/www.tlscontact.com\/fr\/#breadcrumb"},"inLanguage":"fr-FR","potentialAction":[{"@type":"ReadAction","target":["https:\/\/www.tlscontact.com\/fr\/"]}]},{"@type":"BreadcrumbList","@id":"https:\/\/www.tlscontact.com\/fr\/#breadcrumb","itemListElement":[{"@type":"ListItem","position":1,"name":"Home","item":"https:\/\/www.tlscontact.com\/fr\/"},{"@type":"ListItem","position":2,"name":"Page d\u2019accueil"}]},{"@type":"WebSite","@id":"https:\/\/www.tlscontact.com\/en\/#website","url":"https:\/\/www.tlscontact.com\/en\/","name":"TLScontact","description":"Your visa partner","potentialAction":[{"@type":"SearchAction","target":{"@type":"EntryPoint","urlTemplate":"https:\/\/www.tlscontact.com\/en\/?s={search_term_string}"},"query-input":{"@type":"PropertyValueSpecification","valueRequired":true,"valueName":"search_term_string"}}],"inLanguage":"fr-FR"}]}},"_links":{"self":[{"href":"https:\/\/www.tlscontact.com\/fr\/wp-json\/wp\/v2\/pages\/126","targetHints":{"allow":["GET"]}}],"collection":[{"href":"https:\/\/www.tlscontact.com\/fr\/wp-json\/wp\/v2\/pages"}],"about":[{"href":"https:\/\/www.tlscontact.com\/fr\/wp-json\/wp\/v2\/types\/page"}],"author":[{"embeddable":true,"href":"https:\/\/www.tlscontact.com\/fr\/wp-json\/wp\/v2\/users\/1"}],"replies":[{"embeddable":true,"href":"https:\/\/www.tlscontact.com\/fr\/wp-json\/wp\/v2\/comments?post=126"}],"version-history":[{"count":0,"href":"https:\/\/www.tlscontact.com\/fr\/wp-json\/wp\/v2\/pages\/126\/revisions"}],"wp:attachment":[{"href":"https:\/\/www.tlscontact.com\/fr\/wp-json\/wp\/v2\/media?parent=126"}],"curies":[{"name":"wp","href":"https:\/\/api.w.org\/{rel}","templated":true}]}}