{"id":1324,"date":"2020-01-20T19:40:57","date_gmt":"2020-01-20T18:40:57","guid":{"rendered":"http:\/\/www99.tlscontact.com\/?page_id=1324"},"modified":"2020-02-28T14:43:22","modified_gmt":"2020-02-28T13:43:22","slug":"avis-de-confidentialite","status":"publish","type":"page","link":"https:\/\/www.tlscontact.com\/fr\/avis-de-confidentialite\/","title":{"rendered":"Avis de confidentialit\u00e9"},"content":{"rendered":"\n<p><\/p>\n\n\n\n<h3 class=\"wp-block-heading\">Note d\u2019information relative aux traitements des donn\u00e9es \u00e0 caract\u00e8re personnel des candidats de TLScontact<\/h3>\n\n\n\n<p>Chez TLScontact, nous nous engageons \u00e0 respecter votre vie priv\u00e9e et \u00e0 prot\u00e9ger vos donn\u00e9es \u00e0 caract\u00e8re personnel.&nbsp; TLScontact a besoin de traiter vos donn\u00e9es \u00e0 caract\u00e8re personnel pour pouvoir r\u00e9pondre \u00e0 toutes les exigences li\u00e9es \u00e0 votre candidature \u00e0 un poste au sein de notre soci\u00e9t\u00e9. Nous avons \u00e9galement besoin d\u2019utiliser vos donn\u00e9es personnelles pour nous conformer aux lois et r\u00e8glements en vigueur, r\u00e9pondre aux demandes des autorit\u00e9s de contr\u00f4le, d\u00e9tecter et pr\u00e9venir la fraude, traiter les actions en justice \u00e9ventuelles et exercer nos activit\u00e9s. La pr\u00e9sente note d\u2019information vise \u00e0 vous indiquer comment TLScontact traite vos donn\u00e9es \u00e0 caract\u00e8re personnel. Nous la r\u00e9visons r\u00e9guli\u00e8rement pour nous assurer qu\u2019elle est \u00e0 jour. <strong>Nous vous invitons \u00e0 la lire attentivement<\/strong>.<\/p>\n\n\n\n<h3 class=\"wp-block-heading\">Nos r\u00e8gles d\u2019entreprise contraignantes et la protection de vos donn\u00e9es \u00e0 caract\u00e8re personnel<\/h3>\n\n\n\n<p>TLScontact\nest fi\u00e8re de faire partie des quelques multinationales dont les r\u00e8gles\nd\u2019entreprise contraignantes ont \u00e9t\u00e9 approuv\u00e9es par les autorit\u00e9s de protection\ndes donn\u00e9es de l\u2019Union europ\u00e9enne dans le cadre du r\u00e8glement g\u00e9n\u00e9ral sur la\nprotection des donn\u00e9es (RGPD de l\u2019UE).&nbsp;\nNos r\u00e8gles d\u2019entreprise contraignantes constituent le cadre mondial de\nprotection de la vie priv\u00e9e du groupe TLScontact.&nbsp; Cette approbation montre l\u2019importance que\nnous accordons \u00e0 la protection de vos donn\u00e9es \u00e0 caract\u00e8re personnel en adoptant\nles mesures de s\u00e9curit\u00e9 techniques et organisationnelles appropri\u00e9es et en\nexaminant de fa\u00e7on attentive le traitement que nous en faisons.&nbsp; L\u2019approbation de ces r\u00e8gles d\u2019entreprise\ncontraignantes nous permet de transf\u00e9rer les donn\u00e9es \u00e0 caract\u00e8re personnel\nmondialement au sein du groupe TLScontact d\u2019une mani\u00e8re qui pr\u00e9sente les\ngaranties et assurances appropri\u00e9es.&nbsp; <\/p>\n\n\n\n<p>En tant\nque groupe international, nous devons partager plusieurs processus pour faire\nen sorte de rester performants et efficaces. Nous transf\u00e9rons par cons\u00e9quent\ncertaines donn\u00e9es \u00e0 caract\u00e8re personnel vers des pays, des territoires ou des\norganisations qui sont situ\u00e9s en dehors de l\u2019Espace \u00e9conomique europ\u00e9en. Dans\nle cas de transferts vers des territoires non reconnus par la Commission\neurop\u00e9enne comme garantissant un niveau de protection ad\u00e9quat, nous nous\nappuyons sur nos r\u00e8gles d\u2019entreprise contraignantes, lorsqu\u2019elles s\u2019y pr\u00eatent,\net utilisons les clauses types de protection des donn\u00e9es adopt\u00e9es par la\nCommission europ\u00e9enne, ou d\u2019autres m\u00e9canismes de transfert approuv\u00e9s dans le\ncadre du r\u00e8glement g\u00e9n\u00e9ral sur la protection des donn\u00e9es de l\u2019UE dans le cas\ncontraire. <\/p>\n\n\n\n<p>TLScontact a d\u00e9sign\u00e9 un\nd\u00e9l\u00e9gu\u00e9 \u00e0 la protection des donn\u00e9es (DPD) dans le cadre du RGPD, qui supervise\nnotre cadre de protection de la vie priv\u00e9e en collaboration avec le bureau de\nla confidentialit\u00e9.&nbsp;&nbsp; <strong><\/strong><\/p>\n\n\n\n<h3 class=\"wp-block-heading\">Un traitement loyal, licite et transparent<\/h3>\n\n\n\n<p>Nous traitons vos donn\u00e9es\n\u00e0 caract\u00e8re personnel sur le fondement de la n\u00e9cessit\u00e9 d\u2019examiner votre\ncandidature et pour les \u00e9tapes que vous devrez franchir pour travailler chez\nTLScontact. <\/p>\n\n\n\n<p>Nous traitons vos donn\u00e9es\n\u00e0 caract\u00e8re personnel sur la base d\u2019<em>obligations l\u00e9gales ou de n\u00e9cessit\u00e9s\njuridiques<\/em> d\u2019ex\u00e9cuter une t\u00e2che d\u2019int\u00e9r\u00eat public dans le cadre d\u2019activit\u00e9s\nde traitement telles que le calcul des imp\u00f4ts et les v\u00e9rifications des extraits\nde casiers judiciaires. <\/p>\n\n\n\n<p>Nous traitons vos donn\u00e9es\n\u00e0 caract\u00e8re personnel sur le fondement de l\u2019<em>int\u00e9r\u00eat l\u00e9gitime<\/em> dans le\ncadre des activit\u00e9s de traitement telles que les enqu\u00eates, la vid\u00e9osurveillance\net l\u2019\u00e9valuation du recrutement. Les int\u00e9r\u00eats l\u00e9gitimes poursuivis comprennent\nla s\u00e9curit\u00e9 et l\u2019efficacit\u00e9 de l\u2019entreprise<\/p>\n\n\n\n<p>Il peut parfois \u00eatre\nn\u00e9cessaire de traiter des donn\u00e9es \u00e0 caract\u00e8re personnel plus sensibles.&nbsp; <strong>Nous ne traitons les informations r\u00e9v\u00e9lant\ndes donn\u00e9es plus sensibles que lorsque la l\u00e9gislation locale l\u2019exige et\nl\u2019autorise.<\/strong> Le terme \u00ab&nbsp;donn\u00e9es personnelles sensibles&nbsp;\u00bb d\u00e9signe\nles donn\u00e9es qui r\u00e9v\u00e8lent la pr\u00e9tendue origine raciale ou ethnique, les opinions\npolitiques, les convictions religieuses ou philosophiques ou l\u2019appartenance\nsyndicale, les donn\u00e9es g\u00e9n\u00e9tiques, des donn\u00e9es biom\u00e9triques afin d\u2019identifier\nune personne physique de mani\u00e8re unique, des donn\u00e9es concernant la sant\u00e9, la\nvie sexuelle ou l\u2019orientation sexuelle. Ainsi, TLScontact peut avoir besoin de\ntraiter des donn\u00e9es de sant\u00e9 aux fins d\u2019\u00e9valuer l\u2019aptitude au travail et des\najustements raisonnables n\u00e9cessaires. <\/p>\n\n\n\n<p>Pour\ntout nouveau traitement susceptible d\u2019avoir des r\u00e9percussions importantes sur\nles donn\u00e9es \u00e0 caract\u00e8re personnel, les \u00e9l\u00e9ments relatifs \u00e0 la protection des\ndonn\u00e9es personnelles et la vie priv\u00e9e seront \u00e9valu\u00e9s et une analyse compl\u00e8te\nd\u2019impact relative \u00e0 la protection des donn\u00e9es sera r\u00e9alis\u00e9e si le RGPD l\u2019exige.\nS\u2019il y a lieu, les repr\u00e9sentants du personnel seront consult\u00e9s.<\/p>\n\n\n\n<h3 class=\"wp-block-heading\">Comment nous traitons vos donn\u00e9es \u00e0 caract\u00e8re personnel<\/h3>\n\n\n\n<p>Vous trouverez ci-dessous\nquelques exemples illustrant la fa\u00e7on dont TLScontact traite vos donn\u00e9es \u00e0\ncaract\u00e8re personnel&nbsp;:<\/p>\n\n\n\n<p><strong>Gestion\ndes donn\u00e9es de contact \u00e9l\u00e9mentaires, <\/strong>telles que l\u2019adresse \u00e9lectronique, le nom,\nl\u2019adresse du domicile et les coordonn\u00e9es en cas d\u2019urgence.<strong><\/strong><\/p>\n\n\n\n<p><strong>Traitement\net \u00e9valuation de votre candidature.<\/strong> Au cours du traitement de votre\ncandidature, TLScontact traite les informations personnelles figurant dans\ndiff\u00e9rents documents tels que les curriculum vitae, les notes d\u2019entretien, les\ninformations d\u2019\u00e9valuation, l\u2019administration du recrutement et les r\u00e9sultats de\nla v\u00e9rification des ant\u00e9c\u00e9dents. Le fait de ne pas fournir ces informations\npersonnelles peut limiter notre capacit\u00e9 \u00e0 \u00e9tudier votre candidature.<\/p>\n\n\n\n<p><strong>Utilisation\net analyse <\/strong>de vos donn\u00e9es \u00e0 caract\u00e8re personnel afin de\nd\u00e9tecter et de pr\u00e9venir les fraudes.<\/p>\n\n\n\n<p><strong>Conservation\nde vos donn\u00e9es<\/strong> pour de futures offres d\u2019emploi. M\u00eame si aucune\nsuite n\u2019est donn\u00e9e pour le poste auquel vous avez postul\u00e9, nous conservons les\ncandidatures dans nos archives pendant une p\u00e9riode raisonnable dans le cas o\u00f9\nune autre offre d\u2019emploi susceptible de vous convenir ait \u00e9t\u00e9 cr\u00e9\u00e9e. Vous\npouvez bien s\u00fbr nous indiquer si vous ne souhaitez pas que nous conservions vos\ndonn\u00e9es.<\/p>\n\n\n\n<h3 class=\"wp-block-heading\">Partage de vos donn\u00e9es \u00e0 caract\u00e8re personnel<\/h3>\n\n\n\n<p>Nous pouvons \u00eatre amen\u00e9s \u00e0 partager vos donn\u00e9es \u00e0 caract\u00e8re personnel, dans la mesure o\u00f9 il existe un besoin l\u00e9gitime d\u2019en avoir connaissance compte tenu de la nature des donn\u00e9es \u00e0 caract\u00e8re personnel, en interne avec d\u2019autres filiales de TLScontact et des organisations externes, telles que des prestataires de services de paie ou fiscaux, des prestataires de services qui permettent de garantir l\u2019administration correcte de votre potentiel contrat de travail chez TLScontact (par ex. prestataire charg\u00e9 de v\u00e9rifier les ant\u00e9c\u00e9dents professionnels) ou avec des organismes ou autorit\u00e9s publics (par&nbsp;ex., caisses de retraite ou de s\u00e9curit\u00e9 sociale) lorsque la loi en vigueur l\u2019exige ou le permet.<\/p>\n\n\n\n<h3 class=\"wp-block-heading\">Conservation de vos donn\u00e9es \u00e0 caract\u00e8re personnel pendant la dur\u00e9e strictement n\u00e9cessaire <\/h3>\n\n\n\n<p>Nous conserverons vos donn\u00e9es \u00e0 caract\u00e8re personnel aussi\nlongtemps que n\u00e9cessaire aux fins d\u00e9finies ci-dessus ou aussi longtemps que la\nloi l\u2019exige. <\/p>\n\n\n\n<h3 class=\"wp-block-heading\">Exercice de vos droits<\/h3>\n\n\n\n<p>Cliquez <a href=\"mailto:privacyrequests@teleperformance.com\"><strong>ici<\/strong><\/a> pour soumettre une demande d\u2019exercice de vos droits.<\/p>\n\n\n\n<p>Vous avez les droits\nsuivants \u00e0 l\u2019\u00e9gard de vos donn\u00e9es \u00e0 caract\u00e8re personnel&nbsp;:<\/p>\n\n\n\n<ul class=\"wp-block-list\"><li><strong>Acc\u00e8s<\/strong>&nbsp;:\nvous pouvez demander gratuitement l\u2019acc\u00e8s \u00e0 vos donn\u00e9es \u00e0 caract\u00e8re personnel.<\/li><li><strong>Rectification<\/strong>&nbsp;: vous pouvez demander \u00e0 TLScontact de corriger vos\ndonn\u00e9es \u00e0 caract\u00e8re personnel inexactes ou incompl\u00e8tes.<\/li><li><strong>Effacement<\/strong>&nbsp;: vous pouvez demander \u00e0 TLScontact d\u2019effacer vos\ndonn\u00e9es \u00e0 caract\u00e8re personnel pour l\u2019un des motifs suivants&nbsp;:<ul><li>Les donn\u00e9es \u00e0 caract\u00e8re personnel ne sont plus n\u00e9cessaires\naux finalit\u00e9s pour lesquelles elles ont \u00e9t\u00e9 collect\u00e9es ou trait\u00e9es.<\/li><\/ul><ul><li>Vous retirez votre consentement sur lequel le traitement\nest fond\u00e9 et il n\u2019existe aucune autre base juridique pour le traitement.<\/li><\/ul><ul><li>Vous vous opposez \u00e0 la prise de d\u00e9cisions automatiques et\nil n\u2019existe aucune raison l\u00e9gitime premi\u00e8re pour le traitement, ou vous vous\nopposez au traitement \u00e0 des fins de marketing direct.<\/li><\/ul><ul><li>Les donn\u00e9es \u00e0 caract\u00e8re personnel ont \u00e9t\u00e9 trait\u00e9es\nillicitement.<\/li><\/ul><ul><li>Les donn\u00e9es \u00e0 caract\u00e8re personnel doivent \u00eatre supprim\u00e9es\nconform\u00e9ment \u00e0 des obligations l\u00e9gales de la loi europ\u00e9enne ou de l\u2019\u00c9tat membre\n\u00e0 laquelle TLScontact est soumise.<\/li><\/ul><ul><li>Les donn\u00e9es \u00e0 caract\u00e8re personnel ont \u00e9t\u00e9 recueillies en\nrapport avec l\u2019offre de services de la soci\u00e9t\u00e9 de l\u2019information<a href=\"#_ftn1\"><sup>[1]<\/sup><\/a>.\n<\/li><\/ul><\/li><li><strong>Limitation<\/strong>&nbsp;: vous pouvez demander \u00e0 TLScontact de restreindre\nla fa\u00e7on dont elle traite vos donn\u00e9es \u00e0 caract\u00e8re personnel pour l\u2019un des\nmotifs suivants&nbsp;:<ul><li>Vous contestez l\u2019exactitude de vos donn\u00e9es \u00e0 caract\u00e8re\npersonnel, pendant un d\u00e9lai permettant \u00e0 TLScontact de v\u00e9rifier l\u2019exactitude de\nces donn\u00e9es. <\/li><\/ul><ul><li>Le traitement est illicite et vous vous opposez \u00e0 l\u2019effacement\ndes donn\u00e9es \u00e0 caract\u00e8re personnel et demandez \u00e0 la place la limitation de leur\nutilisation.<\/li><\/ul><ul><li>TLScontact n\u2019a plus besoin des donn\u00e9es \u00e0 caract\u00e8re\npersonnel aux fins du traitement, mais elles vous sont n\u00e9cessaires pour la\nconstatation, l\u2019exercice ou la d\u00e9fense de droits en justice.<\/li><\/ul><ul><li>Vous vous \u00eates oppos\u00e9(e) au traitement conform\u00e9ment au\ndroit d\u2019opposition et \u00e0 la prise de d\u00e9cisions automatis\u00e9es, et il reste \u00e0\nv\u00e9rifier si les motifs l\u00e9gitimes de TLScontact pr\u00e9valent sur les v\u00f4tres.<\/li><\/ul><\/li><li><strong>Portabilit\u00e9<\/strong>&nbsp;: dans certains cas sp\u00e9cifiques, \u00e0 \u00e9valuer au cas\npar cas, vous pouvez demander \u00e0 TLScontact de recevoir vos donn\u00e9es \u00e0 caract\u00e8re\npersonnel sous un format structur\u00e9, couramment utilis\u00e9 et lisible par des\nmachines, et avez le droit de les transf\u00e9rer vers une autre organisation.<\/li><li><strong>Retrait&nbsp;<\/strong>: vous pouvez retirer, \u00e0 tout moment, votre consentement\nau traitement de vos donn\u00e9es \u00e0 caract\u00e8re personnel pour lequel votre consentement a \u00e9t\u00e9\nrequis. N\u00e9anmoins, le\nretrait de votre consentement n\u2019affectera pas les activit\u00e9s de traitement\nsurvenues avant celui-ci.<\/li><li><strong>Opposition<\/strong>&nbsp;: vous pouvez vous opposer au traitement de vos\ndonn\u00e9es \u00e0 caract\u00e8re personnel par TLScontact \u00e0 des fins de marketing direct, ou\ndans d\u2019autres situations conform\u00e9ment aux lois locales. <\/li><\/ul>\n\n\n\n<p>M\u00eame si nous esp\u00e9rons pouvoir r\u00e9pondre directement \u00e0 vos pr\u00e9occupations, vous avez le droit de d\u00e9poser une r\u00e9clamation aupr\u00e8s de l\u2019autorit\u00e9 de protection des donn\u00e9es de votre pays. Les coordonn\u00e9es sont disponibles sur la page du Comit\u00e9 Europ\u00e9en de la Protection des Donn\u00e9es, accessible via le lien&nbsp;: <a href=\"https:\/\/edpb.europa.eu\/about-edpb\/board\/members_fr\"><strong>https:\/\/edpb.europa.eu\/about-edpb\/board\/members_f<\/strong>r<\/a><\/p>\n\n\n\n<p>CNIL &#8211; Commission Nationale de l&rsquo;Informatique et des Libert\u00e9s &#8211; 3 Place de Fontenoy &#8211; TSA 80715 &#8211; 75334 PARIS CEDEX 07<\/p>\n\n\n\n<h3 class=\"wp-block-heading\">Coordonn\u00e9es et liens&nbsp;:<\/h3>\n\n\n\n<p>Point de contact pour la protection des donn\u00e9es \u00e0 caract\u00e8re personnel&nbsp;: <strong><a href=\"mailto:DP@tlscontact.com\">DP@tlscontact.com<\/a>&nbsp;<\/strong> &nbsp;<\/p>\n\n\n\n<p>Pour soumettre une demande d\u2019exercice de vos droits&nbsp;: <strong><a href=\"mailto:privacyrequests@teleperformance.com\">privacyrequests@teleperformance.com<\/a> <\/strong><br><\/p>\n\n\n\n<hr class=\"wp-block-separator\"\/>\n\n\n\n<p><em><a href=\"#_ftnref1\">[1]<\/a>&nbsp;&nbsp; Les services de la soci\u00e9t\u00e9 de l\u2019information sont des services commerciaux propos\u00e9s par des voies \u00e9lectroniques, telles que des plates-formes de commerce en ligne ou des sites internet gratuits proposant un service (par&nbsp;ex., r\u00e9seau social, moteurs de recherche).<\/em><\/p>\n","protected":false},"excerpt":{"rendered":"<p>Note d\u2019information relative aux traitements des donn\u00e9es \u00e0 caract\u00e8re personnel des candidats de TLScontact Chez TLScontact, nous nous engageons \u00e0 respecter votre vie priv\u00e9e et \u00e0 prot\u00e9ger vos donn\u00e9es \u00e0 caract\u00e8re personnel.&nbsp; TLScontact a besoin de traiter vos donn\u00e9es \u00e0 caract\u00e8re personnel pour pouvoir r\u00e9pondre \u00e0 toutes les exigences li\u00e9es \u00e0 votre candidature \u00e0 un [&hellip;]<\/p>\n","protected":false},"author":3,"featured_media":0,"parent":0,"menu_order":0,"comment_status":"closed","ping_status":"closed","template":"","meta":{"_acf_changed":false,"inline_featured_image":false,"footnotes":""},"class_list":["post-1324","page","type-page","status-publish","hentry"],"acf":[],"yoast_head":"<!-- This site is optimized with the Yoast SEO plugin v27.2 - https:\/\/yoast.com\/product\/yoast-seo-wordpress\/ -->\n<title>Avis de confidentialit\u00e9 - TLScontact<\/title>\n<meta name=\"description\" content=\"Chez TLScontact, nous nous engageons \u00e0 respecter votre vie priv\u00e9e et \u00e0 prot\u00e9ger vos donn\u00e9es \u00e0 caract\u00e8re personnel. TLScontact a besoin de traiter vos donn\u00e9es \u00e0 caract\u00e8re personnel pour pouvoir r\u00e9pondre \u00e0 toutes les exigences li\u00e9es \u00e0 votre candidature \u00e0 un poste au sein de notre soci\u00e9t\u00e9.\" \/>\n<meta name=\"robots\" content=\"index, follow, max-snippet:-1, max-image-preview:large, max-video-preview:-1\" \/>\n<link rel=\"canonical\" href=\"https:\/\/www.tlscontact.com\/fr\/avis-de-confidentialite\/\" \/>\n<meta property=\"og:locale\" content=\"fr_FR\" \/>\n<meta property=\"og:type\" content=\"article\" \/>\n<meta property=\"og:title\" content=\"Avis de confidentialit\u00e9 - TLScontact\" \/>\n<meta property=\"og:description\" content=\"Chez TLScontact, nous nous engageons \u00e0 respecter votre vie priv\u00e9e et \u00e0 prot\u00e9ger vos donn\u00e9es \u00e0 caract\u00e8re personnel. TLScontact a besoin de traiter vos donn\u00e9es \u00e0 caract\u00e8re personnel pour pouvoir r\u00e9pondre \u00e0 toutes les exigences li\u00e9es \u00e0 votre candidature \u00e0 un poste au sein de notre soci\u00e9t\u00e9.\" \/>\n<meta property=\"og:url\" content=\"https:\/\/www.tlscontact.com\/fr\/avis-de-confidentialite\/\" \/>\n<meta property=\"og:site_name\" content=\"TLScontact\" \/>\n<meta property=\"article:modified_time\" content=\"2020-02-28T13:43:22+00:00\" \/>\n<meta name=\"twitter:card\" content=\"summary_large_image\" \/>\n<meta name=\"twitter:label1\" content=\"Dur\u00e9e de lecture estim\u00e9e\" \/>\n\t<meta name=\"twitter:data1\" content=\"10 minutes\" \/>\n<script type=\"application\/ld+json\" class=\"yoast-schema-graph\">{\"@context\":\"https:\/\/schema.org\",\"@graph\":[{\"@type\":\"WebPage\",\"@id\":\"https:\/\/www.tlscontact.com\/fr\/avis-de-confidentialite\/\",\"url\":\"https:\/\/www.tlscontact.com\/fr\/avis-de-confidentialite\/\",\"name\":\"Avis de confidentialit\u00e9 - TLScontact\",\"isPartOf\":{\"@id\":\"https:\/\/www.tlscontact.com\/en\/#website\"},\"datePublished\":\"2020-01-20T18:40:57+00:00\",\"dateModified\":\"2020-02-28T13:43:22+00:00\",\"description\":\"Chez TLScontact, nous nous engageons \u00e0 respecter votre vie priv\u00e9e et \u00e0 prot\u00e9ger vos donn\u00e9es \u00e0 caract\u00e8re personnel. TLScontact a besoin de traiter vos donn\u00e9es \u00e0 caract\u00e8re personnel pour pouvoir r\u00e9pondre \u00e0 toutes les exigences li\u00e9es \u00e0 votre candidature \u00e0 un poste au sein de notre soci\u00e9t\u00e9.\",\"breadcrumb\":{\"@id\":\"https:\/\/www.tlscontact.com\/fr\/avis-de-confidentialite\/#breadcrumb\"},\"inLanguage\":\"fr-FR\",\"potentialAction\":[{\"@type\":\"ReadAction\",\"target\":[\"https:\/\/www.tlscontact.com\/fr\/avis-de-confidentialite\/\"]}]},{\"@type\":\"BreadcrumbList\",\"@id\":\"https:\/\/www.tlscontact.com\/fr\/avis-de-confidentialite\/#breadcrumb\",\"itemListElement\":[{\"@type\":\"ListItem\",\"position\":1,\"name\":\"Home\",\"item\":\"https:\/\/www.tlscontact.com\/fr\/\"},{\"@type\":\"ListItem\",\"position\":2,\"name\":\"Avis de confidentialit\u00e9\"}]},{\"@type\":\"WebSite\",\"@id\":\"https:\/\/www.tlscontact.com\/en\/#website\",\"url\":\"https:\/\/www.tlscontact.com\/en\/\",\"name\":\"TLScontact\",\"description\":\"Your visa partner\",\"potentialAction\":[{\"@type\":\"SearchAction\",\"target\":{\"@type\":\"EntryPoint\",\"urlTemplate\":\"https:\/\/www.tlscontact.com\/en\/?s={search_term_string}\"},\"query-input\":{\"@type\":\"PropertyValueSpecification\",\"valueRequired\":true,\"valueName\":\"search_term_string\"}}],\"inLanguage\":\"fr-FR\"}]}<\/script>\n<!-- \/ Yoast SEO plugin. -->","yoast_head_json":{"title":"Avis de confidentialit\u00e9 - TLScontact","description":"Chez TLScontact, nous nous engageons \u00e0 respecter votre vie priv\u00e9e et \u00e0 prot\u00e9ger vos donn\u00e9es \u00e0 caract\u00e8re personnel. TLScontact a besoin de traiter vos donn\u00e9es \u00e0 caract\u00e8re personnel pour pouvoir r\u00e9pondre \u00e0 toutes les exigences li\u00e9es \u00e0 votre candidature \u00e0 un poste au sein de notre soci\u00e9t\u00e9.","robots":{"index":"index","follow":"follow","max-snippet":"max-snippet:-1","max-image-preview":"max-image-preview:large","max-video-preview":"max-video-preview:-1"},"canonical":"https:\/\/www.tlscontact.com\/fr\/avis-de-confidentialite\/","og_locale":"fr_FR","og_type":"article","og_title":"Avis de confidentialit\u00e9 - TLScontact","og_description":"Chez TLScontact, nous nous engageons \u00e0 respecter votre vie priv\u00e9e et \u00e0 prot\u00e9ger vos donn\u00e9es \u00e0 caract\u00e8re personnel. TLScontact a besoin de traiter vos donn\u00e9es \u00e0 caract\u00e8re personnel pour pouvoir r\u00e9pondre \u00e0 toutes les exigences li\u00e9es \u00e0 votre candidature \u00e0 un poste au sein de notre soci\u00e9t\u00e9.","og_url":"https:\/\/www.tlscontact.com\/fr\/avis-de-confidentialite\/","og_site_name":"TLScontact","article_modified_time":"2020-02-28T13:43:22+00:00","twitter_card":"summary_large_image","twitter_misc":{"Dur\u00e9e de lecture estim\u00e9e":"10 minutes"},"schema":{"@context":"https:\/\/schema.org","@graph":[{"@type":"WebPage","@id":"https:\/\/www.tlscontact.com\/fr\/avis-de-confidentialite\/","url":"https:\/\/www.tlscontact.com\/fr\/avis-de-confidentialite\/","name":"Avis de confidentialit\u00e9 - TLScontact","isPartOf":{"@id":"https:\/\/www.tlscontact.com\/en\/#website"},"datePublished":"2020-01-20T18:40:57+00:00","dateModified":"2020-02-28T13:43:22+00:00","description":"Chez TLScontact, nous nous engageons \u00e0 respecter votre vie priv\u00e9e et \u00e0 prot\u00e9ger vos donn\u00e9es \u00e0 caract\u00e8re personnel. TLScontact a besoin de traiter vos donn\u00e9es \u00e0 caract\u00e8re personnel pour pouvoir r\u00e9pondre \u00e0 toutes les exigences li\u00e9es \u00e0 votre candidature \u00e0 un poste au sein de notre soci\u00e9t\u00e9.","breadcrumb":{"@id":"https:\/\/www.tlscontact.com\/fr\/avis-de-confidentialite\/#breadcrumb"},"inLanguage":"fr-FR","potentialAction":[{"@type":"ReadAction","target":["https:\/\/www.tlscontact.com\/fr\/avis-de-confidentialite\/"]}]},{"@type":"BreadcrumbList","@id":"https:\/\/www.tlscontact.com\/fr\/avis-de-confidentialite\/#breadcrumb","itemListElement":[{"@type":"ListItem","position":1,"name":"Home","item":"https:\/\/www.tlscontact.com\/fr\/"},{"@type":"ListItem","position":2,"name":"Avis de confidentialit\u00e9"}]},{"@type":"WebSite","@id":"https:\/\/www.tlscontact.com\/en\/#website","url":"https:\/\/www.tlscontact.com\/en\/","name":"TLScontact","description":"Your visa partner","potentialAction":[{"@type":"SearchAction","target":{"@type":"EntryPoint","urlTemplate":"https:\/\/www.tlscontact.com\/en\/?s={search_term_string}"},"query-input":{"@type":"PropertyValueSpecification","valueRequired":true,"valueName":"search_term_string"}}],"inLanguage":"fr-FR"}]}},"_links":{"self":[{"href":"https:\/\/www.tlscontact.com\/fr\/wp-json\/wp\/v2\/pages\/1324","targetHints":{"allow":["GET"]}}],"collection":[{"href":"https:\/\/www.tlscontact.com\/fr\/wp-json\/wp\/v2\/pages"}],"about":[{"href":"https:\/\/www.tlscontact.com\/fr\/wp-json\/wp\/v2\/types\/page"}],"author":[{"embeddable":true,"href":"https:\/\/www.tlscontact.com\/fr\/wp-json\/wp\/v2\/users\/3"}],"replies":[{"embeddable":true,"href":"https:\/\/www.tlscontact.com\/fr\/wp-json\/wp\/v2\/comments?post=1324"}],"version-history":[{"count":0,"href":"https:\/\/www.tlscontact.com\/fr\/wp-json\/wp\/v2\/pages\/1324\/revisions"}],"wp:attachment":[{"href":"https:\/\/www.tlscontact.com\/fr\/wp-json\/wp\/v2\/media?parent=1324"}],"curies":[{"name":"wp","href":"https:\/\/api.w.org\/{rel}","templated":true}]}}