{"id":1328,"date":"2020-01-20T20:00:30","date_gmt":"2020-01-20T19:00:30","guid":{"rendered":"http:\/\/www99.tlscontact.com\/?page_id=1328"},"modified":"2025-07-10T14:21:12","modified_gmt":"2025-07-10T12:21:12","slug":"nos-services","status":"publish","type":"page","link":"https:\/\/www.tlscontact.com\/fr\/nos-services\/","title":{"rendered":"Nos services"},"content":{"rendered":"","protected":false},"excerpt":{"rendered":"","protected":false},"author":3,"featured_media":0,"parent":0,"menu_order":0,"comment_status":"closed","ping_status":"closed","template":"","meta":{"_acf_changed":true,"inline_featured_image":false,"footnotes":""},"class_list":["post-1328","page","type-page","status-publish","hentry"],"acf":[],"yoast_head":"<!-- This site is optimized with the Yoast SEO plugin v27.2 - https:\/\/yoast.com\/product\/yoast-seo-wordpress\/ -->\n<title>Nos services - TLScontact<\/title>\n<meta name=\"description\" content=\"Dans notre monde globalis\u00e9 o\u00f9 les personnes\u00a0partent\u00a0\u00e0 l\u2019\u00e9tranger pour le travail, les \u00e9tudes, le tourisme ou\u00a0m\u00eame\u00a0les soins m\u00e9dicaux, les gouvernements doivent traiter un nombre toujours croissant de demandes de visa et de services consulaires\u00a0de la part\u00a0des voyageurs et citoyens. Chez\u00a0TLScontact, nous\u00a0les\u00a0aidons \u00e0 g\u00e9rer ces proc\u00e9dures essentielles, en\u00a0proposant\u00a0un\u00a0accompagnement\u00a0de bout en bout\u00a0des\u00a0demandeurs et en permettant \u00e0 nos clients gouvernementaux de\u00a0se concentrer sur l\u2019instruction\u00a0des dossiers et la prise de d\u00e9cision.\" \/>\n<meta name=\"robots\" content=\"index, follow, max-snippet:-1, max-image-preview:large, max-video-preview:-1\" \/>\n<link rel=\"canonical\" href=\"https:\/\/www.tlscontact.com\/fr\/nos-services\/\" \/>\n<meta property=\"og:locale\" content=\"fr_FR\" \/>\n<meta property=\"og:type\" content=\"article\" \/>\n<meta property=\"og:title\" content=\"Nos services - TLScontact\" \/>\n<meta property=\"og:description\" content=\"Dans notre monde globalis\u00e9 o\u00f9 les personnes\u00a0partent\u00a0\u00e0 l\u2019\u00e9tranger pour le travail, les \u00e9tudes, le tourisme ou\u00a0m\u00eame\u00a0les soins m\u00e9dicaux, les gouvernements doivent traiter un nombre toujours croissant de demandes de visa et de services consulaires\u00a0de la part\u00a0des voyageurs et citoyens. Chez\u00a0TLScontact, nous\u00a0les\u00a0aidons \u00e0 g\u00e9rer ces proc\u00e9dures essentielles, en\u00a0proposant\u00a0un\u00a0accompagnement\u00a0de bout en bout\u00a0des\u00a0demandeurs et en permettant \u00e0 nos clients gouvernementaux de\u00a0se concentrer sur l\u2019instruction\u00a0des dossiers et la prise de d\u00e9cision.\" \/>\n<meta property=\"og:url\" content=\"https:\/\/www.tlscontact.com\/fr\/nos-services\/\" \/>\n<meta property=\"og:site_name\" content=\"TLScontact\" \/>\n<meta property=\"article:modified_time\" content=\"2025-07-10T12:21:12+00:00\" \/>\n<meta name=\"twitter:card\" content=\"summary_large_image\" \/>\n<script type=\"application\/ld+json\" class=\"yoast-schema-graph\">{\"@context\":\"https:\/\/schema.org\",\"@graph\":[{\"@type\":\"WebPage\",\"@id\":\"https:\/\/www.tlscontact.com\/fr\/nos-services\/\",\"url\":\"https:\/\/www.tlscontact.com\/fr\/nos-services\/\",\"name\":\"Nos services - TLScontact\",\"isPartOf\":{\"@id\":\"https:\/\/www.tlscontact.com\/en\/#website\"},\"datePublished\":\"2020-01-20T19:00:30+00:00\",\"dateModified\":\"2025-07-10T12:21:12+00:00\",\"description\":\"Dans notre monde globalis\u00e9 o\u00f9 les personnes\u00a0partent\u00a0\u00e0 l\u2019\u00e9tranger pour le travail, les \u00e9tudes, le tourisme ou\u00a0m\u00eame\u00a0les soins m\u00e9dicaux, les gouvernements doivent traiter un nombre toujours croissant de demandes de visa et de services consulaires\u00a0de la part\u00a0des voyageurs et citoyens. Chez\u00a0TLScontact, nous\u00a0les\u00a0aidons \u00e0 g\u00e9rer ces proc\u00e9dures essentielles, en\u00a0proposant\u00a0un\u00a0accompagnement\u00a0de bout en bout\u00a0des\u00a0demandeurs et en permettant \u00e0 nos clients gouvernementaux de\u00a0se concentrer sur l\u2019instruction\u00a0des dossiers et la prise de d\u00e9cision.\",\"breadcrumb\":{\"@id\":\"https:\/\/www.tlscontact.com\/fr\/nos-services\/#breadcrumb\"},\"inLanguage\":\"fr-FR\",\"potentialAction\":[{\"@type\":\"ReadAction\",\"target\":[\"https:\/\/www.tlscontact.com\/fr\/nos-services\/\"]}]},{\"@type\":\"BreadcrumbList\",\"@id\":\"https:\/\/www.tlscontact.com\/fr\/nos-services\/#breadcrumb\",\"itemListElement\":[{\"@type\":\"ListItem\",\"position\":1,\"name\":\"Home\",\"item\":\"https:\/\/www.tlscontact.com\/fr\/\"},{\"@type\":\"ListItem\",\"position\":2,\"name\":\"Nos services\"}]},{\"@type\":\"WebSite\",\"@id\":\"https:\/\/www.tlscontact.com\/en\/#website\",\"url\":\"https:\/\/www.tlscontact.com\/en\/\",\"name\":\"TLScontact\",\"description\":\"Your visa partner\",\"potentialAction\":[{\"@type\":\"SearchAction\",\"target\":{\"@type\":\"EntryPoint\",\"urlTemplate\":\"https:\/\/www.tlscontact.com\/en\/?s={search_term_string}\"},\"query-input\":{\"@type\":\"PropertyValueSpecification\",\"valueRequired\":true,\"valueName\":\"search_term_string\"}}],\"inLanguage\":\"fr-FR\"}]}<\/script>\n<!-- \/ Yoast SEO plugin. -->","yoast_head_json":{"title":"Nos services - TLScontact","description":"Dans notre monde globalis\u00e9 o\u00f9 les personnes\u00a0partent\u00a0\u00e0 l\u2019\u00e9tranger pour le travail, les \u00e9tudes, le tourisme ou\u00a0m\u00eame\u00a0les soins m\u00e9dicaux, les gouvernements doivent traiter un nombre toujours croissant de demandes de visa et de services consulaires\u00a0de la part\u00a0des voyageurs et citoyens. Chez\u00a0TLScontact, nous\u00a0les\u00a0aidons \u00e0 g\u00e9rer ces proc\u00e9dures essentielles, en\u00a0proposant\u00a0un\u00a0accompagnement\u00a0de bout en bout\u00a0des\u00a0demandeurs et en permettant \u00e0 nos clients gouvernementaux de\u00a0se concentrer sur l\u2019instruction\u00a0des dossiers et la prise de d\u00e9cision.","robots":{"index":"index","follow":"follow","max-snippet":"max-snippet:-1","max-image-preview":"max-image-preview:large","max-video-preview":"max-video-preview:-1"},"canonical":"https:\/\/www.tlscontact.com\/fr\/nos-services\/","og_locale":"fr_FR","og_type":"article","og_title":"Nos services - TLScontact","og_description":"Dans notre monde globalis\u00e9 o\u00f9 les personnes\u00a0partent\u00a0\u00e0 l\u2019\u00e9tranger pour le travail, les \u00e9tudes, le tourisme ou\u00a0m\u00eame\u00a0les soins m\u00e9dicaux, les gouvernements doivent traiter un nombre toujours croissant de demandes de visa et de services consulaires\u00a0de la part\u00a0des voyageurs et citoyens. Chez\u00a0TLScontact, nous\u00a0les\u00a0aidons \u00e0 g\u00e9rer ces proc\u00e9dures essentielles, en\u00a0proposant\u00a0un\u00a0accompagnement\u00a0de bout en bout\u00a0des\u00a0demandeurs et en permettant \u00e0 nos clients gouvernementaux de\u00a0se concentrer sur l\u2019instruction\u00a0des dossiers et la prise de d\u00e9cision.","og_url":"https:\/\/www.tlscontact.com\/fr\/nos-services\/","og_site_name":"TLScontact","article_modified_time":"2025-07-10T12:21:12+00:00","twitter_card":"summary_large_image","schema":{"@context":"https:\/\/schema.org","@graph":[{"@type":"WebPage","@id":"https:\/\/www.tlscontact.com\/fr\/nos-services\/","url":"https:\/\/www.tlscontact.com\/fr\/nos-services\/","name":"Nos services - TLScontact","isPartOf":{"@id":"https:\/\/www.tlscontact.com\/en\/#website"},"datePublished":"2020-01-20T19:00:30+00:00","dateModified":"2025-07-10T12:21:12+00:00","description":"Dans notre monde globalis\u00e9 o\u00f9 les personnes\u00a0partent\u00a0\u00e0 l\u2019\u00e9tranger pour le travail, les \u00e9tudes, le tourisme ou\u00a0m\u00eame\u00a0les soins m\u00e9dicaux, les gouvernements doivent traiter un nombre toujours croissant de demandes de visa et de services consulaires\u00a0de la part\u00a0des voyageurs et citoyens. Chez\u00a0TLScontact, nous\u00a0les\u00a0aidons \u00e0 g\u00e9rer ces proc\u00e9dures essentielles, en\u00a0proposant\u00a0un\u00a0accompagnement\u00a0de bout en bout\u00a0des\u00a0demandeurs et en permettant \u00e0 nos clients gouvernementaux de\u00a0se concentrer sur l\u2019instruction\u00a0des dossiers et la prise de d\u00e9cision.","breadcrumb":{"@id":"https:\/\/www.tlscontact.com\/fr\/nos-services\/#breadcrumb"},"inLanguage":"fr-FR","potentialAction":[{"@type":"ReadAction","target":["https:\/\/www.tlscontact.com\/fr\/nos-services\/"]}]},{"@type":"BreadcrumbList","@id":"https:\/\/www.tlscontact.com\/fr\/nos-services\/#breadcrumb","itemListElement":[{"@type":"ListItem","position":1,"name":"Home","item":"https:\/\/www.tlscontact.com\/fr\/"},{"@type":"ListItem","position":2,"name":"Nos services"}]},{"@type":"WebSite","@id":"https:\/\/www.tlscontact.com\/en\/#website","url":"https:\/\/www.tlscontact.com\/en\/","name":"TLScontact","description":"Your visa partner","potentialAction":[{"@type":"SearchAction","target":{"@type":"EntryPoint","urlTemplate":"https:\/\/www.tlscontact.com\/en\/?s={search_term_string}"},"query-input":{"@type":"PropertyValueSpecification","valueRequired":true,"valueName":"search_term_string"}}],"inLanguage":"fr-FR"}]}},"_links":{"self":[{"href":"https:\/\/www.tlscontact.com\/fr\/wp-json\/wp\/v2\/pages\/1328","targetHints":{"allow":["GET"]}}],"collection":[{"href":"https:\/\/www.tlscontact.com\/fr\/wp-json\/wp\/v2\/pages"}],"about":[{"href":"https:\/\/www.tlscontact.com\/fr\/wp-json\/wp\/v2\/types\/page"}],"author":[{"embeddable":true,"href":"https:\/\/www.tlscontact.com\/fr\/wp-json\/wp\/v2\/users\/3"}],"replies":[{"embeddable":true,"href":"https:\/\/www.tlscontact.com\/fr\/wp-json\/wp\/v2\/comments?post=1328"}],"version-history":[{"count":0,"href":"https:\/\/www.tlscontact.com\/fr\/wp-json\/wp\/v2\/pages\/1328\/revisions"}],"wp:attachment":[{"href":"https:\/\/www.tlscontact.com\/fr\/wp-json\/wp\/v2\/media?parent=1328"}],"curies":[{"name":"wp","href":"https:\/\/api.w.org\/{rel}","templated":true}]}}