{"id":134,"date":"2019-11-12T15:21:20","date_gmt":"2019-11-12T14:21:20","guid":{"rendered":"http:\/\/tlscontact.noprod-lampeu.brainsonic.com\/careers\/"},"modified":"2025-12-30T12:10:12","modified_gmt":"2025-12-30T11:10:12","slug":"careers","status":"publish","type":"page","link":"https:\/\/www.tlscontact.com\/fr\/careers\/","title":{"rendered":"Rejoignez-nous"},"content":{"rendered":"","protected":false},"excerpt":{"rendered":"","protected":false},"author":1,"featured_media":0,"parent":0,"menu_order":0,"comment_status":"closed","ping_status":"closed","template":"page-careers.php","meta":{"_acf_changed":false,"inline_featured_image":false,"footnotes":""},"class_list":["post-134","page","type-page","status-publish","hentry"],"acf":[],"yoast_head":"<!-- This site is optimized with the Yoast SEO plugin v27.2 - https:\/\/yoast.com\/product\/yoast-seo-wordpress\/ -->\n<title>Rejoignez-nous - TLScontact<\/title>\n<meta name=\"description\" content=\"Vous voulez faire partie d\u2019une soci\u00e9t\u00e9 avec une vraie envergure internationale, pr\u00e9sente dans 90 pays? Cela vous int\u00e9resse de rejoindre une \u00e9quipe de professionnels de divers horizons, engag\u00e9s dans l\u2019accompagnement des gouvernements et des citoyens?Poursuivez votre lecture pour d\u00e9couvrir le parcours de certains de nos coll\u00e8gues et nos derni\u00e8res offres d\u2019emploi.\" \/>\n<meta name=\"robots\" content=\"index, follow, max-snippet:-1, max-image-preview:large, max-video-preview:-1\" \/>\n<link rel=\"canonical\" href=\"https:\/\/www.tlscontact.com\/fr\/careers\/\" \/>\n<meta property=\"og:locale\" content=\"fr_FR\" \/>\n<meta property=\"og:type\" content=\"article\" \/>\n<meta property=\"og:title\" content=\"Rejoignez-nous - TLScontact\" \/>\n<meta property=\"og:description\" content=\"Vous voulez faire partie d\u2019une soci\u00e9t\u00e9 avec une vraie envergure internationale, pr\u00e9sente dans 90 pays? Cela vous int\u00e9resse de rejoindre une \u00e9quipe de professionnels de divers horizons, engag\u00e9s dans l\u2019accompagnement des gouvernements et des citoyens?Poursuivez votre lecture pour d\u00e9couvrir le parcours de certains de nos coll\u00e8gues et nos derni\u00e8res offres d\u2019emploi.\" \/>\n<meta property=\"og:url\" content=\"https:\/\/www.tlscontact.com\/fr\/careers\/\" \/>\n<meta property=\"og:site_name\" content=\"TLScontact\" \/>\n<meta property=\"article:modified_time\" content=\"2025-12-30T11:10:12+00:00\" \/>\n<meta name=\"twitter:card\" content=\"summary_large_image\" \/>\n<script type=\"application\/ld+json\" class=\"yoast-schema-graph\">{\"@context\":\"https:\/\/schema.org\",\"@graph\":[{\"@type\":\"WebPage\",\"@id\":\"https:\/\/www.tlscontact.com\/fr\/careers\/\",\"url\":\"https:\/\/www.tlscontact.com\/fr\/careers\/\",\"name\":\"Rejoignez-nous - TLScontact\",\"isPartOf\":{\"@id\":\"https:\/\/www.tlscontact.com\/en\/#website\"},\"datePublished\":\"2019-11-12T14:21:20+00:00\",\"dateModified\":\"2025-12-30T11:10:12+00:00\",\"description\":\"Vous voulez faire partie d\u2019une soci\u00e9t\u00e9 avec une vraie envergure internationale, pr\u00e9sente dans 90 pays? Cela vous int\u00e9resse de rejoindre une \u00e9quipe de professionnels de divers horizons, engag\u00e9s dans l\u2019accompagnement des gouvernements et des citoyens?Poursuivez votre lecture pour d\u00e9couvrir le parcours de certains de nos coll\u00e8gues et nos derni\u00e8res offres d\u2019emploi.\",\"breadcrumb\":{\"@id\":\"https:\/\/www.tlscontact.com\/fr\/careers\/#breadcrumb\"},\"inLanguage\":\"fr-FR\",\"potentialAction\":[{\"@type\":\"ReadAction\",\"target\":[\"https:\/\/www.tlscontact.com\/fr\/careers\/\"]}]},{\"@type\":\"BreadcrumbList\",\"@id\":\"https:\/\/www.tlscontact.com\/fr\/careers\/#breadcrumb\",\"itemListElement\":[{\"@type\":\"ListItem\",\"position\":1,\"name\":\"Home\",\"item\":\"https:\/\/www.tlscontact.com\/fr\/\"},{\"@type\":\"ListItem\",\"position\":2,\"name\":\"Rejoignez-nous\"}]},{\"@type\":\"WebSite\",\"@id\":\"https:\/\/www.tlscontact.com\/en\/#website\",\"url\":\"https:\/\/www.tlscontact.com\/en\/\",\"name\":\"TLScontact\",\"description\":\"Your visa partner\",\"potentialAction\":[{\"@type\":\"SearchAction\",\"target\":{\"@type\":\"EntryPoint\",\"urlTemplate\":\"https:\/\/www.tlscontact.com\/en\/?s={search_term_string}\"},\"query-input\":{\"@type\":\"PropertyValueSpecification\",\"valueRequired\":true,\"valueName\":\"search_term_string\"}}],\"inLanguage\":\"fr-FR\"}]}<\/script>\n<!-- \/ Yoast SEO plugin. -->","yoast_head_json":{"title":"Rejoignez-nous - TLScontact","description":"Vous voulez faire partie d\u2019une soci\u00e9t\u00e9 avec une vraie envergure internationale, pr\u00e9sente dans 90 pays? Cela vous int\u00e9resse de rejoindre une \u00e9quipe de professionnels de divers horizons, engag\u00e9s dans l\u2019accompagnement des gouvernements et des citoyens?Poursuivez votre lecture pour d\u00e9couvrir le parcours de certains de nos coll\u00e8gues et nos derni\u00e8res offres d\u2019emploi.","robots":{"index":"index","follow":"follow","max-snippet":"max-snippet:-1","max-image-preview":"max-image-preview:large","max-video-preview":"max-video-preview:-1"},"canonical":"https:\/\/www.tlscontact.com\/fr\/careers\/","og_locale":"fr_FR","og_type":"article","og_title":"Rejoignez-nous - TLScontact","og_description":"Vous voulez faire partie d\u2019une soci\u00e9t\u00e9 avec une vraie envergure internationale, pr\u00e9sente dans 90 pays? Cela vous int\u00e9resse de rejoindre une \u00e9quipe de professionnels de divers horizons, engag\u00e9s dans l\u2019accompagnement des gouvernements et des citoyens?Poursuivez votre lecture pour d\u00e9couvrir le parcours de certains de nos coll\u00e8gues et nos derni\u00e8res offres d\u2019emploi.","og_url":"https:\/\/www.tlscontact.com\/fr\/careers\/","og_site_name":"TLScontact","article_modified_time":"2025-12-30T11:10:12+00:00","twitter_card":"summary_large_image","schema":{"@context":"https:\/\/schema.org","@graph":[{"@type":"WebPage","@id":"https:\/\/www.tlscontact.com\/fr\/careers\/","url":"https:\/\/www.tlscontact.com\/fr\/careers\/","name":"Rejoignez-nous - TLScontact","isPartOf":{"@id":"https:\/\/www.tlscontact.com\/en\/#website"},"datePublished":"2019-11-12T14:21:20+00:00","dateModified":"2025-12-30T11:10:12+00:00","description":"Vous voulez faire partie d\u2019une soci\u00e9t\u00e9 avec une vraie envergure internationale, pr\u00e9sente dans 90 pays? Cela vous int\u00e9resse de rejoindre une \u00e9quipe de professionnels de divers horizons, engag\u00e9s dans l\u2019accompagnement des gouvernements et des citoyens?Poursuivez votre lecture pour d\u00e9couvrir le parcours de certains de nos coll\u00e8gues et nos derni\u00e8res offres d\u2019emploi.","breadcrumb":{"@id":"https:\/\/www.tlscontact.com\/fr\/careers\/#breadcrumb"},"inLanguage":"fr-FR","potentialAction":[{"@type":"ReadAction","target":["https:\/\/www.tlscontact.com\/fr\/careers\/"]}]},{"@type":"BreadcrumbList","@id":"https:\/\/www.tlscontact.com\/fr\/careers\/#breadcrumb","itemListElement":[{"@type":"ListItem","position":1,"name":"Home","item":"https:\/\/www.tlscontact.com\/fr\/"},{"@type":"ListItem","position":2,"name":"Rejoignez-nous"}]},{"@type":"WebSite","@id":"https:\/\/www.tlscontact.com\/en\/#website","url":"https:\/\/www.tlscontact.com\/en\/","name":"TLScontact","description":"Your visa partner","potentialAction":[{"@type":"SearchAction","target":{"@type":"EntryPoint","urlTemplate":"https:\/\/www.tlscontact.com\/en\/?s={search_term_string}"},"query-input":{"@type":"PropertyValueSpecification","valueRequired":true,"valueName":"search_term_string"}}],"inLanguage":"fr-FR"}]}},"_links":{"self":[{"href":"https:\/\/www.tlscontact.com\/fr\/wp-json\/wp\/v2\/pages\/134","targetHints":{"allow":["GET"]}}],"collection":[{"href":"https:\/\/www.tlscontact.com\/fr\/wp-json\/wp\/v2\/pages"}],"about":[{"href":"https:\/\/www.tlscontact.com\/fr\/wp-json\/wp\/v2\/types\/page"}],"author":[{"embeddable":true,"href":"https:\/\/www.tlscontact.com\/fr\/wp-json\/wp\/v2\/users\/1"}],"replies":[{"embeddable":true,"href":"https:\/\/www.tlscontact.com\/fr\/wp-json\/wp\/v2\/comments?post=134"}],"version-history":[{"count":0,"href":"https:\/\/www.tlscontact.com\/fr\/wp-json\/wp\/v2\/pages\/134\/revisions"}],"wp:attachment":[{"href":"https:\/\/www.tlscontact.com\/fr\/wp-json\/wp\/v2\/media?parent=134"}],"curies":[{"name":"wp","href":"https:\/\/api.w.org\/{rel}","templated":true}]}}