{"id":1348,"date":"2020-01-20T20:48:19","date_gmt":"2020-01-20T19:48:19","guid":{"rendered":"http:\/\/www99.tlscontact.com\/?page_id=1348"},"modified":"2026-03-13T11:37:46","modified_gmt":"2026-03-13T10:37:46","slug":"mentions-legales","status":"publish","type":"page","link":"https:\/\/www.tlscontact.com\/fr\/mentions-legales\/","title":{"rendered":"Mentions l\u00e9gales"},"content":{"rendered":"\n<p>Vous \u00eates actuellement connect\u00e9.e au site internet&nbsp;<a href=\"http:\/\/www.tlscontact.com\/\">www.tlscontact.com<\/a>&nbsp;(le \u00ab&nbsp;Site&nbsp;\u00bb). Le Site est la propri\u00e9t\u00e9 de&nbsp;<strong>TLS GROUP<\/strong>, Soci\u00e9t\u00e9 par actions simplifi\u00e9e (SAS) au capital de 8,000,000.00 euros, immatricul\u00e9e au Registre de Commerce et des Soci\u00e9t\u00e9s Paris B sous le num\u00e9ro 922 855 697, num\u00e9ro de TVA FR87922855697 et ayant son si\u00e8ge social situ\u00e9 au&nbsp;<strong>21-25 rue Balzac 75008 Paris<\/strong>.<\/p>\n\n\n\n<p>Le Site est produit par la soci\u00e9t\u00e9 TLS GROUP dont le repr\u00e9sentant l\u00e9gal est M. Jo\u00e3o Cardoso.<\/p>\n\n\n\n<p>La responsable de publication est Mme Lucy Saint-Antonin.<\/p>\n\n\n\n<p>Pour toute question relative \u00e0 ce site web, veuillez nous joindre via notre page \u00ab&nbsp;<a href=\"https:\/\/www.tlscontact.com\/fr\/contact-us\/\">Nous contacter<\/a>&nbsp;\u00bb.<\/p>\n\n\n\n<p>Le Site est h\u00e9berg\u00e9 par la plateforme d\u2019h\u00e9bergement&nbsp;<strong>WP Engine<\/strong>, dont le&nbsp;<strong>si\u00e8ge social est situ\u00e9 au <\/strong>504 Lavaca Street, Suite 1000. Austin, TX 78701, Etats-Unis.<\/p>\n","protected":false},"excerpt":{"rendered":"<p>Vous \u00eates actuellement connect\u00e9.e au site internet&nbsp;www.tlscontact.com&nbsp;(le \u00ab&nbsp;Site&nbsp;\u00bb). Le Site est la propri\u00e9t\u00e9 de&nbsp;TLS GROUP, Soci\u00e9t\u00e9 par actions simplifi\u00e9e (SAS) au capital de 8,000,000.00 euros, immatricul\u00e9e au Registre de Commerce et des Soci\u00e9t\u00e9s Paris B sous le num\u00e9ro 922 855 697, num\u00e9ro de TVA FR87922855697 et ayant son si\u00e8ge social situ\u00e9 au&nbsp;21-25 rue Balzac 75008 [&hellip;]<\/p>\n","protected":false},"author":3,"featured_media":0,"parent":0,"menu_order":0,"comment_status":"closed","ping_status":"closed","template":"","meta":{"_acf_changed":false,"inline_featured_image":false,"footnotes":""},"class_list":["post-1348","page","type-page","status-publish","hentry"],"acf":[],"yoast_head":"<!-- This site is optimized with the Yoast SEO plugin v27.2 - https:\/\/yoast.com\/product\/yoast-seo-wordpress\/ -->\n<title>Mentions l\u00e9gales - TLScontact<\/title>\n<meta name=\"description\" content=\"Le Site est la propri\u00e9t\u00e9 de TLS GROUP S.A., soci\u00e9t\u00e9 anonyme au capital de 8,000,000.00 euros, immatricul\u00e9e au Registre de Commerce et des Soci\u00e9t\u00e9s du Luxembourg sous le num\u00e9ro B135935 et ayant son si\u00e8ge social situ\u00e9 au 153-155 rue du Kiem, L-8030 Strassen, Luxembourg.\" \/>\n<meta name=\"robots\" content=\"index, follow, max-snippet:-1, max-image-preview:large, max-video-preview:-1\" \/>\n<link rel=\"canonical\" href=\"https:\/\/www.tlscontact.com\/fr\/mentions-legales\/\" \/>\n<meta property=\"og:locale\" content=\"fr_FR\" \/>\n<meta property=\"og:type\" content=\"article\" \/>\n<meta property=\"og:title\" content=\"Mentions l\u00e9gales - TLScontact\" \/>\n<meta property=\"og:description\" content=\"Le Site est la propri\u00e9t\u00e9 de TLS GROUP S.A., soci\u00e9t\u00e9 anonyme au capital de 8,000,000.00 euros, immatricul\u00e9e au Registre de Commerce et des Soci\u00e9t\u00e9s du Luxembourg sous le num\u00e9ro B135935 et ayant son si\u00e8ge social situ\u00e9 au 153-155 rue du Kiem, L-8030 Strassen, Luxembourg.\" \/>\n<meta property=\"og:url\" content=\"https:\/\/www.tlscontact.com\/fr\/mentions-legales\/\" \/>\n<meta property=\"og:site_name\" content=\"TLScontact\" \/>\n<meta property=\"article:modified_time\" content=\"2026-03-13T10:37:46+00:00\" \/>\n<meta name=\"twitter:card\" content=\"summary_large_image\" \/>\n<meta name=\"twitter:label1\" content=\"Dur\u00e9e de lecture estim\u00e9e\" \/>\n\t<meta name=\"twitter:data1\" content=\"1 minute\" \/>\n<script type=\"application\/ld+json\" class=\"yoast-schema-graph\">{\"@context\":\"https:\/\/schema.org\",\"@graph\":[{\"@type\":\"WebPage\",\"@id\":\"https:\/\/www.tlscontact.com\/fr\/mentions-legales\/\",\"url\":\"https:\/\/www.tlscontact.com\/fr\/mentions-legales\/\",\"name\":\"Mentions l\u00e9gales - TLScontact\",\"isPartOf\":{\"@id\":\"https:\/\/www.tlscontact.com\/en\/#website\"},\"datePublished\":\"2020-01-20T19:48:19+00:00\",\"dateModified\":\"2026-03-13T10:37:46+00:00\",\"description\":\"Le Site est la propri\u00e9t\u00e9 de TLS GROUP S.A., soci\u00e9t\u00e9 anonyme au capital de 8,000,000.00 euros, immatricul\u00e9e au Registre de Commerce et des Soci\u00e9t\u00e9s du Luxembourg sous le num\u00e9ro B135935 et ayant son si\u00e8ge social situ\u00e9 au 153-155 rue du Kiem, L-8030 Strassen, Luxembourg.\",\"breadcrumb\":{\"@id\":\"https:\/\/www.tlscontact.com\/fr\/mentions-legales\/#breadcrumb\"},\"inLanguage\":\"fr-FR\",\"potentialAction\":[{\"@type\":\"ReadAction\",\"target\":[\"https:\/\/www.tlscontact.com\/fr\/mentions-legales\/\"]}]},{\"@type\":\"BreadcrumbList\",\"@id\":\"https:\/\/www.tlscontact.com\/fr\/mentions-legales\/#breadcrumb\",\"itemListElement\":[{\"@type\":\"ListItem\",\"position\":1,\"name\":\"Home\",\"item\":\"https:\/\/www.tlscontact.com\/fr\/\"},{\"@type\":\"ListItem\",\"position\":2,\"name\":\"Mentions l\u00e9gales\"}]},{\"@type\":\"WebSite\",\"@id\":\"https:\/\/www.tlscontact.com\/en\/#website\",\"url\":\"https:\/\/www.tlscontact.com\/en\/\",\"name\":\"TLScontact\",\"description\":\"Your visa partner\",\"potentialAction\":[{\"@type\":\"SearchAction\",\"target\":{\"@type\":\"EntryPoint\",\"urlTemplate\":\"https:\/\/www.tlscontact.com\/en\/?s={search_term_string}\"},\"query-input\":{\"@type\":\"PropertyValueSpecification\",\"valueRequired\":true,\"valueName\":\"search_term_string\"}}],\"inLanguage\":\"fr-FR\"}]}<\/script>\n<!-- \/ Yoast SEO plugin. -->","yoast_head_json":{"title":"Mentions l\u00e9gales - TLScontact","description":"Le Site est la propri\u00e9t\u00e9 de TLS GROUP S.A., soci\u00e9t\u00e9 anonyme au capital de 8,000,000.00 euros, immatricul\u00e9e au Registre de Commerce et des Soci\u00e9t\u00e9s du Luxembourg sous le num\u00e9ro B135935 et ayant son si\u00e8ge social situ\u00e9 au 153-155 rue du Kiem, L-8030 Strassen, Luxembourg.","robots":{"index":"index","follow":"follow","max-snippet":"max-snippet:-1","max-image-preview":"max-image-preview:large","max-video-preview":"max-video-preview:-1"},"canonical":"https:\/\/www.tlscontact.com\/fr\/mentions-legales\/","og_locale":"fr_FR","og_type":"article","og_title":"Mentions l\u00e9gales - TLScontact","og_description":"Le Site est la propri\u00e9t\u00e9 de TLS GROUP S.A., soci\u00e9t\u00e9 anonyme au capital de 8,000,000.00 euros, immatricul\u00e9e au Registre de Commerce et des Soci\u00e9t\u00e9s du Luxembourg sous le num\u00e9ro B135935 et ayant son si\u00e8ge social situ\u00e9 au 153-155 rue du Kiem, L-8030 Strassen, Luxembourg.","og_url":"https:\/\/www.tlscontact.com\/fr\/mentions-legales\/","og_site_name":"TLScontact","article_modified_time":"2026-03-13T10:37:46+00:00","twitter_card":"summary_large_image","twitter_misc":{"Dur\u00e9e de lecture estim\u00e9e":"1 minute"},"schema":{"@context":"https:\/\/schema.org","@graph":[{"@type":"WebPage","@id":"https:\/\/www.tlscontact.com\/fr\/mentions-legales\/","url":"https:\/\/www.tlscontact.com\/fr\/mentions-legales\/","name":"Mentions l\u00e9gales - TLScontact","isPartOf":{"@id":"https:\/\/www.tlscontact.com\/en\/#website"},"datePublished":"2020-01-20T19:48:19+00:00","dateModified":"2026-03-13T10:37:46+00:00","description":"Le Site est la propri\u00e9t\u00e9 de TLS GROUP S.A., soci\u00e9t\u00e9 anonyme au capital de 8,000,000.00 euros, immatricul\u00e9e au Registre de Commerce et des Soci\u00e9t\u00e9s du Luxembourg sous le num\u00e9ro B135935 et ayant son si\u00e8ge social situ\u00e9 au 153-155 rue du Kiem, L-8030 Strassen, Luxembourg.","breadcrumb":{"@id":"https:\/\/www.tlscontact.com\/fr\/mentions-legales\/#breadcrumb"},"inLanguage":"fr-FR","potentialAction":[{"@type":"ReadAction","target":["https:\/\/www.tlscontact.com\/fr\/mentions-legales\/"]}]},{"@type":"BreadcrumbList","@id":"https:\/\/www.tlscontact.com\/fr\/mentions-legales\/#breadcrumb","itemListElement":[{"@type":"ListItem","position":1,"name":"Home","item":"https:\/\/www.tlscontact.com\/fr\/"},{"@type":"ListItem","position":2,"name":"Mentions l\u00e9gales"}]},{"@type":"WebSite","@id":"https:\/\/www.tlscontact.com\/en\/#website","url":"https:\/\/www.tlscontact.com\/en\/","name":"TLScontact","description":"Your visa partner","potentialAction":[{"@type":"SearchAction","target":{"@type":"EntryPoint","urlTemplate":"https:\/\/www.tlscontact.com\/en\/?s={search_term_string}"},"query-input":{"@type":"PropertyValueSpecification","valueRequired":true,"valueName":"search_term_string"}}],"inLanguage":"fr-FR"}]}},"_links":{"self":[{"href":"https:\/\/www.tlscontact.com\/fr\/wp-json\/wp\/v2\/pages\/1348","targetHints":{"allow":["GET"]}}],"collection":[{"href":"https:\/\/www.tlscontact.com\/fr\/wp-json\/wp\/v2\/pages"}],"about":[{"href":"https:\/\/www.tlscontact.com\/fr\/wp-json\/wp\/v2\/types\/page"}],"author":[{"embeddable":true,"href":"https:\/\/www.tlscontact.com\/fr\/wp-json\/wp\/v2\/users\/3"}],"replies":[{"embeddable":true,"href":"https:\/\/www.tlscontact.com\/fr\/wp-json\/wp\/v2\/comments?post=1348"}],"version-history":[{"count":0,"href":"https:\/\/www.tlscontact.com\/fr\/wp-json\/wp\/v2\/pages\/1348\/revisions"}],"wp:attachment":[{"href":"https:\/\/www.tlscontact.com\/fr\/wp-json\/wp\/v2\/media?parent=1348"}],"curies":[{"name":"wp","href":"https:\/\/api.w.org\/{rel}","templated":true}]}}