{"id":1349,"date":"2020-01-20T20:53:58","date_gmt":"2020-01-20T19:53:58","guid":{"rendered":"http:\/\/www99.tlscontact.com\/?page_id=1349"},"modified":"2026-03-02T15:10:48","modified_gmt":"2026-03-02T14:10:48","slug":"conditions-dutilisation-du-site","status":"publish","type":"page","link":"https:\/\/www.tlscontact.com\/fr\/conditions-dutilisation-du-site\/","title":{"rendered":"Conditions d&#8217;utilisation du site"},"content":{"rendered":"\n<p>Merci de lire attentivement les pr\u00e9sentes conditions qui r\u00e9gissent votre utilisation du pr\u00e9sent site, d\u00e9tenu par la soci\u00e9t\u00e9 <strong>TLS GROUP S.A.<\/strong> (ci-apr\u00e8s d\u00e9sign\u00e9e \u00ab&nbsp;<strong>TLScontact&nbsp;<\/strong>\u00bb, \u00ab&nbsp;<strong>nous<\/strong>&nbsp;\u00bb, \u00ab&nbsp;<strong>nos<\/strong> \u00bb, \u00ab&nbsp;<strong>notre<\/strong>&nbsp;\u00bb). <\/p>\n\n\n\n<h3 class=\"wp-block-heading\"><strong>1 &#8211; Utilisation du contenu du Site<\/strong><\/h3>\n\n\n\n<p>Nous\nnous effor\u00e7ons de mettre \u00e0 jour le contenu du site et de d\u00e9livrer aux utilisateurs\ndes informations exactes. N\u00e9anmoins, l&rsquo;utilisateur reconnait que les\ntransmissions de donn\u00e9es et d&rsquo;informations sur Internet ne b\u00e9n\u00e9ficient que\nd&rsquo;une fiabilit\u00e9 technique relative, celles-ci circulant sur des r\u00e9seaux de\nnature tr\u00e8s h\u00e9t\u00e9rog\u00e8ne. D\u00e8s lors, nous ne pouvons garantir l&rsquo;exactitude des\ndonn\u00e9es figurant sur le site.<\/p>\n\n\n\n<p>Toute erreur ou omission devra \u00eatre notifi\u00e9e \u00e0 l&rsquo;adresse e-mail suivante:&nbsp;<strong>webcontent@tlscontact.com<\/strong><\/p>\n\n\n\n<p>Par\nailleurs, TLScontact peut \u00eatre amen\u00e9e \u00e0 modifier et\/ou \u00e0 am\u00e9liorer le contenu\ndu pr\u00e9sent site y compris le contenu des pr\u00e9sentes mentions l\u00e9gales \u00e0 tout\nmoment et sans pr\u00e9avis et n&rsquo;assume aucune responsabilit\u00e9 r\u00e9sultant de\nl&rsquo;\u00e9ventuelle inexactitude des informations diffus\u00e9es sur ce site, les\ninternautes utilisant ces informations \u00e0 leurs risques.<\/p>\n\n\n\n<p>Toute\nutilisation du site non conforme \u00e0 son esprit original et toute violation des\npr\u00e9sentes stipulations pourra donner lieu \u00e0 l&rsquo;application des peines p\u00e9nales et\nciviles pr\u00e9vues par la loi.<\/p>\n\n\n\n<h3 class=\"wp-block-heading\"><strong>2 &#8211; Acc\u00e8s au site<\/strong><\/h3>\n\n\n\n<p>Nous\nnous effor\u00e7ons de maintenir accessible le site, sans pour autant \u00eatre tenus \u00e0\naucune obligation d&rsquo;y parvenir. Il est pr\u00e9cis\u00e9 qu&rsquo;\u00e0 des fins de maintenance, de\nmise \u00e0 jour et pour toute autre raison notamment d&rsquo;ordre technique, l&rsquo;acc\u00e8s au\nsite pourra \u00eatre interrompu.<\/p>\n\n\n\n<p>Nous\nne sommes en aucun cas responsables de ces interruptions et des cons\u00e9quences qui\npeuvent en d\u00e9couler pour l&rsquo;utilisateur. TLScontact refuse de recevoir sur son\nsite des informations confidentielles ou prot\u00e9g\u00e9es par des droits de propri\u00e9t\u00e9\nindustrielle.<\/p>\n\n\n\n<p>Ainsi,\ntout \u00e9l\u00e9ment adress\u00e9 sur le pr\u00e9sent site est consid\u00e9r\u00e9 comme non confidentiel\net peut donc \u00eatre utilis\u00e9, notamment dans le cadre du recueil, du traitement et\nde l&rsquo;utilisation des donn\u00e9es personnelles.<\/p>\n\n\n\n<h3 class=\"wp-block-heading\"><strong>3 &#8211; Liens hypertextes mis en place sur le site<\/strong><\/h3>\n\n\n\n<p>Les\nliens hypertextes mis en place sur le site peuvent conduire l&rsquo;utilisateur sur\nles sites Internet de diff\u00e9rents partenaires. Il est pr\u00e9cis\u00e9 que nous n&rsquo;avons\npas v\u00e9rifi\u00e9 tous les sites \u00e9ventuellement reli\u00e9s au sien, leur contenu et les\ninformations qui y sont pr\u00e9sentes, et d\u00e9cline par cons\u00e9quent toute\nresponsabilit\u00e9 sur le contenu de ces sites et sur l&rsquo;utilisation qui en est\nfaite par l&rsquo;utilisateur. Le recours \u00e0 ces sites par l&rsquo;utilisateur rel\u00e8ve de la\nseule responsabilit\u00e9 de ce dernier.<\/p>\n\n\n\n<h3 class=\"wp-block-heading\"><strong>4 \u2013 Droits de Propri\u00e9t\u00e9 Intellectuelle et Industrielle<\/strong><\/h3>\n\n\n\n<p><strong>4.1 &#8211; Droits<\/strong><\/p>\n\n\n\n<p><em><strong>Marques d\u00e9pos\u00e9es<\/strong><\/em><\/p>\n\n\n\n<p>Les\nmarques figurant sur ce site sont des marques d\u00e9pos\u00e9es par TLScontact et\/ou des\nsoci\u00e9t\u00e9s qui lui sont affili\u00e9es.<\/p>\n\n\n\n<p>Nous\nattirons l&rsquo;attention de l&rsquo;utilisateur sur le fait que les r\u00e9f\u00e9rences aux produits,\nservices et marques nous appartenant ne sont pas exhaustives de nos droits.<\/p>\n\n\n\n<p>L&rsquo;acc\u00e8s\nau site ne conf\u00e8re aucun droit autre que celui d&rsquo;en visiter le contenu. La mise\nen ligne du pr\u00e9sent site n&#8217;emporte pas licence d&rsquo;utilisation des marques\n\u00e9num\u00e9r\u00e9es ci-dessus, une telle utilisation \u00e9tant subordonn\u00e9e au consentement\n\u00e9crit, pr\u00e9alable et expr\u00e8s du propri\u00e9taire des marques.<\/p>\n\n\n\n<p><em><strong>Droit d&rsquo;auteur \/ Copyright \/ Dessins et mod\u00e8les \/ Brevets<\/strong><\/em><\/p>\n\n\n\n<p>Certains\n\u00e9l\u00e9ments du pr\u00e9sent site (textes, photographies, illustrations, logo, ic\u00f4nes,\nfichiers disponibles en t\u00e9l\u00e9chargement, clips vid\u00e9os ou sonores, etc.) sont la\npropri\u00e9t\u00e9 de TLScontact.<\/p>\n\n\n\n<p>Ces\n\u00e9l\u00e9ments sont prot\u00e9g\u00e9s par les lois locales, fran\u00e7aises et les textes\ninternationaux relatifs au respect des droits d&rsquo;auteur, copyright, dessins et\nmod\u00e8les, et brevets.<\/p>\n\n\n\n<p>La\nreproduction et\/ou la repr\u00e9sentation de ces \u00e9l\u00e9ments n&rsquo;est autoris\u00e9e qu&rsquo;\u00e0 des\nfins d&rsquo;information ou pour un usage strictement personnel et priv\u00e9.<\/p>\n\n\n\n<p>La\npr\u00e9sentation d&rsquo;une des pages du pr\u00e9sent site dans une page web n&rsquo;appartenant\npas \u00e0 TLScontact, la mise en place de liens hypertextes vers toute autre page\nque la page d&rsquo;accueil du pr\u00e9sent site n\u00e9cessitent l&rsquo;accord \u00e9crit, pr\u00e9alable et\nexpr\u00e8s de TLScontact.<\/p>\n\n\n\n<p>Toute\nutilisation des \u00e9l\u00e9ments du pr\u00e9sent site \u00e0 des fins diff\u00e9rentes, notamment \u00e0\ndes fins publiques, commerciales ou humoristiques, fera l&rsquo;objet de poursuites\njudiciaires en France comme \u00e0 l&rsquo;\u00e9tranger.<\/p>\n\n\n\n<p><strong>4.2 &#8211; Contrefa\u00e7on<\/strong><\/p>\n\n\n\n<p>Toute\nreproduction ou repr\u00e9sentation m\u00eame partielle par quelque proc\u00e9d\u00e9 que ce soit,\nr\u00e9alis\u00e9e sans le consentement \u00e9crit, pr\u00e9alable et expr\u00e8s de TLScontact est\ninterdite et illicite. Le non-respect de cette interdiction constitue une\ncontrefa\u00e7on pouvant engager la responsabilit\u00e9 civile et p\u00e9nale du\ncontrefacteur.<\/p>\n\n\n\n<p><strong>4.3- Copyright<\/strong><\/p>\n\n\n\n<p>Tous droits r\u00e9serv\u00e9s \u00a9 TLScontact 2026.<\/p>\n\n\n\n<p>Toutes\nles pages des sites de TLScontact sont prot\u00e9g\u00e9es au titre du droit d&rsquo;auteur \u00a9.<\/p>\n\n\n\n<p>Tous\ndroits r\u00e9serv\u00e9s (notamment de reproduction, de repr\u00e9sentation, d&rsquo;adaptation et\nde diffusion).<\/p>\n\n\n\n<h3 class=\"wp-block-heading\"><strong>5 \u2013 Responsabilit\u00e9<\/strong><\/h3>\n\n\n\n<p>Il est\ninterdit d&rsquo;utiliser le site ou les services de communication pour transmettre\ndes cha\u00eenes de lettres, des \u00ab\u00a0junk mail\u00a0\u00bb, du \u00ab\u00a0spam\u00a0\u00bb ou tout\nmessage r\u00e9p\u00e9titif ou non sollicit\u00e9 (commercial ou autre) ; pour recueillir ou\ncollecter, de quelque fa\u00e7on que ce soit, des informations concernant des tiers,\nnotamment des adresses e-mail, sans le consentement des tiers concern\u00e9s ; de\ncr\u00e9er ou d&rsquo;exploiter de fausses identit\u00e9s, de falsifier une adresse e-mail ou\nun en-t\u00eate, ou d&rsquo;essayer d&rsquo;induire en erreur des tiers de quelque fa\u00e7on que ce\nsoit quant \u00e0 l&rsquo;identit\u00e9 de l&rsquo;exp\u00e9diteur ou \u00e0 l&rsquo;origine du message ; de\ntransmettre tout Contenu Inappropri\u00e9 tel que d\u00e9fini ci-dessous ; de transmettre\ntout \u00e9l\u00e9ment contenant des virus ou tout \u00e9l\u00e9ment dommageable ou nuisible au site\nou aux tiers ou encore en contravention de la loi ; d&rsquo;essayer d&rsquo;acc\u00e9der de\nmani\u00e8re non autoris\u00e9e aux services offerts, \u00e0 d&rsquo;autres comptes, syst\u00e8mes\ninformatiques ou r\u00e9seaux connect\u00e9s au service du site, par l&rsquo;usage de\ndiff\u00e9rents mots de passe ou par tout autre moyen ; ou d&rsquo;interf\u00e9rer avec\nl&rsquo;utilisation et la jouissance du service par tout autre utilisateur ou avec\nl&rsquo;utilisation et la jouissance de services similaires par le biais d&rsquo;une autre\nentit\u00e9.<\/p>\n\n\n\n<p>Le\nContenu Inappropri\u00e9 comprend tous langages, commentaires, remarques et images\nconsid\u00e9r\u00e9s par la soci\u00e9t\u00e9 comme \u00e9tant obsc\u00e8nes, trompeurs, illicites, racistes,\ndiffamatoires ou constitutifs de harc\u00e8lement, violant les droits de tiers ou\nrestreignant et\/ou emp\u00eachant l&rsquo;utilisation par d&rsquo;autres utilisateurs des forums\nou des salons de discussion accessibles via le site.<\/p>\n\n\n\n<p><strong>Responsabilit\u00e9\/Limitation de responsabilit\u00e9<\/strong><\/p>\n\n\n\n<p>L&rsquo;utilisation\ndu site, de ses services et de tout \u00e9l\u00e9ment ou information obtenue via\ncelui-ci, rel\u00e8ve de la responsabilit\u00e9 exclusive de l&rsquo;utilisateur.<\/p>\n\n\n\n<p>Nous\nne fournissons \u00e0 l&rsquo;utilisateur aucune garantie d&rsquo;aucune sorte, expresse ou\nimplicite, quant \u00e0 la qualit\u00e9 des services du site ou de leur qualit\u00e9\nmarchande, la conformit\u00e9 du service ou du r\u00e9sultat recherch\u00e9 aux attentes de\nl&rsquo;utilisateur, et d\u00e9gage toute responsabilit\u00e9 quant aux \u00e9ventuelles\ncontestations, action ou recours de tiers qui viendraient \u00e0 se pr\u00e9valoir de\ndroits, notamment privatifs, sur tout contenu non cr\u00e9\u00e9 par TLScontact.<\/p>\n\n\n\n<p>Par\nailleurs, nous ne pourrons \u00eatre tenus responsables du manque de performances du\nsite et\/ou de(s) logiciel(s) employ\u00e9(s) ou t\u00e9l\u00e9charg\u00e9(s) \u00e0 partir du site ; de\nla perte de donn\u00e9es ou de services r\u00e9sultant de la non-tenue de d\u00e9lais, de la\nmodification, de la suspension ou de l&rsquo;interruption de ses services ; de\nl&rsquo;exactitude, de la qualit\u00e9 ou de la nature des informations obtenues par le\nbiais de ses services ; ni des cons\u00e9quences d\u00e9coulant directement ou\nindirectement de la transmission de virus par le biais de ses serveurs.<\/p>\n\n\n\n<p>Nous ne\npourrons \u00e9galement \u00eatre tenus responsables de tout dommage direct ou indirect,\ny compris notamment les pertes de profits, de client\u00e8le, de donn\u00e9es, toute\nperte de biens incorporels, tout manque \u00e0 gagner ou toute autre perte ou\ndommage pouvant survenir de l&rsquo;utilisation ou au contraire de l&rsquo;impossibilit\u00e9\nd&rsquo;acc\u00e9der au Site, suite \u00e0 une utilisation fautive de l&rsquo;utilisateur, mais\npourra voir sa responsabilit\u00e9 recherch\u00e9e en cas de d\u00e9c\u00e8s ou de blessures.<\/p>\n\n\n\n<p>En ce\nqui concerne le contenu personnel fourni par les utilisateurs, nous d\u00e9clinons\ntoute responsabilit\u00e9 relativement \u00e0 la pr\u00e9sence d&rsquo;un tel contenu sur les salons\nde discussion ou sur tout autre service de discussion.<\/p>\n\n\n\n<p>Un tel\ncontenu, qu&rsquo;il s&rsquo;agisse d&rsquo;opinions, de d\u00e9clarations, de recommandations ou de\npoints de vue, v\u00e9hicule uniquement les opinions, d\u00e9clarations, recommandations\net points de vue des utilisateurs et en aucun cas ceux de TLScontact.<\/p>\n\n\n\n<p>Le site\npeut contenir des liens vers d&rsquo;autres sites non g\u00e9r\u00e9s et\/ou non \u00e9dit\u00e9s par TLScontact\n\u00e0 savoir: <\/p>\n\n\n\n<ul class=\"wp-block-list\">\n<li>des<br>sites Internet locaux de chacune des filiales du groupe : TLScontact ne peut<br>\u00eatre tenue responsable de la politique \u00e9ditoriale des sites des filiales. En<br>effet chacun des sites des filiales disposent de mentions l\u00e9gales propres<br>listant et rappelant la responsabilit\u00e9 de chaque \u00e9diteur du site concern\u00e9. TLScontact<br>ne contr\u00f4le en aucune mani\u00e8re les informations, produits ou services propos\u00e9s<br>par les sites des filiales et ne peut en AUCUN CAS \u00eatre tenue responsable du<br>contenu de tels sites.<\/li>\n<\/ul>\n\n\n\n<ul class=\"wp-block-list\">\n<li>des sites Internet d\u00e9tenus par des tiers : TLScontact ne<br>contr\u00f4le en aucune mani\u00e8re les informations, produits ou services propos\u00e9s par<br>ces autres sites et ne peut en AUCUN CAS \u00eatre tenue responsable du contenu de<br>tels sites.<\/li>\n<\/ul>\n\n\n\n<p>Vous\nvous engagez \u00e0 d\u00e9dommager TLScontact et \u00e0 la garantir contre tout(e) action en\nresponsabilit\u00e9, recours, perte, co\u00fbt, manque \u00e0 gagner, perte de donn\u00e9es, et\ntout autre dommage direct et indirect d\u00e9coulant de la violation de votre part\nde l&rsquo;une quelconque des dispositions des pr\u00e9sentes conditions d\u2019utilisation du\nsite.<\/p>\n\n\n\n<h3 class=\"wp-block-heading\"><strong>6 \u2013 Droit applicable &#8211; Juridiction<\/strong><\/h3>\n\n\n\n<p>Les conditions\nd\u2019utilisation du site seront soumises et interpr\u00e9t\u00e9es conform\u00e9ment au droit\nfran\u00e7ais. Tout litige non r\u00e9gl\u00e9 de mani\u00e8re transactionnelle sera port\u00e9 devant\nles tribunaux de Paris mat\u00e9riellement comp\u00e9tents.<\/p>\n\n\n\n<p>Dans\nl&rsquo;\u00e9ventualit\u00e9 o\u00f9 l&rsquo;une quelconque des dispositions des conditions d\u2019utilisation\ndu site serait d\u00e9clar\u00e9e nulle ou sans effet, une telle disposition devra \u00eatre\ninterpr\u00e9t\u00e9e de mani\u00e8re \u00e0 refl\u00e9ter au mieux les intentions des parties et les\ndispositions restantes seront consid\u00e9r\u00e9es comme applicables de plein droit.<\/p>\n\n\n\n<p>La\nnon-application ou l&rsquo;absence de revendication de l&rsquo;application par TLScontact\nde l&rsquo;une quelconque des dispositions des conditions d\u2019utilisation du site ou de\nl&rsquo;un quelconque droit ne saurait en aucun cas \u00eatre interpr\u00e9t\u00e9e comme une\nrenonciation par TLScontact \u00e0 une telle disposition ou un tel droit, \u00e0 moins\nnous n&rsquo;en convenions autrement par \u00e9crit.<\/p>\n","protected":false},"excerpt":{"rendered":"<p>Merci de lire attentivement les pr\u00e9sentes conditions qui r\u00e9gissent votre utilisation du pr\u00e9sent site, d\u00e9tenu par la soci\u00e9t\u00e9 TLS GROUP S.A. (ci-apr\u00e8s d\u00e9sign\u00e9e \u00ab&nbsp;TLScontact&nbsp;\u00bb, \u00ab&nbsp;nous&nbsp;\u00bb, \u00ab&nbsp;nos \u00bb, \u00ab&nbsp;notre&nbsp;\u00bb). 1 &#8211; Utilisation du contenu du Site Nous nous effor\u00e7ons de mettre \u00e0 jour le contenu du site et de d\u00e9livrer aux utilisateurs des informations exactes. N\u00e9anmoins, [&hellip;]<\/p>\n","protected":false},"author":3,"featured_media":0,"parent":0,"menu_order":0,"comment_status":"closed","ping_status":"closed","template":"","meta":{"_acf_changed":false,"inline_featured_image":false,"footnotes":""},"class_list":["post-1349","page","type-page","status-publish","hentry"],"acf":[],"yoast_head":"<!-- This site is optimized with the Yoast SEO plugin v27.2 - https:\/\/yoast.com\/product\/yoast-seo-wordpress\/ -->\n<title>Conditions d&#8217;utilisation du site - TLScontact<\/title>\n<meta name=\"description\" content=\"Merci de lire attentivement les pr\u00e9sentes conditions qui r\u00e9gissent votre utilisation du pr\u00e9sent site, d\u00e9tenu par la soci\u00e9t\u00e9 TLS GROUP S.A. (ci-apr\u00e8s d\u00e9sign\u00e9e \u00ab TLScontact \u00bb, \u00ab nous \u00bb, \u00ab nos \u00bb, \u00ab notre \u00bb).\" \/>\n<meta name=\"robots\" content=\"index, follow, max-snippet:-1, max-image-preview:large, max-video-preview:-1\" \/>\n<link rel=\"canonical\" href=\"https:\/\/www.tlscontact.com\/fr\/conditions-dutilisation-du-site\/\" \/>\n<meta property=\"og:locale\" content=\"fr_FR\" \/>\n<meta property=\"og:type\" content=\"article\" \/>\n<meta property=\"og:title\" content=\"Conditions d&#8217;utilisation du site - TLScontact\" \/>\n<meta property=\"og:description\" content=\"Merci de lire attentivement les pr\u00e9sentes conditions qui r\u00e9gissent votre utilisation du pr\u00e9sent site, d\u00e9tenu par la soci\u00e9t\u00e9 TLS GROUP S.A. (ci-apr\u00e8s d\u00e9sign\u00e9e \u00ab TLScontact \u00bb, \u00ab nous \u00bb, \u00ab nos \u00bb, \u00ab notre \u00bb).\" \/>\n<meta property=\"og:url\" content=\"https:\/\/www.tlscontact.com\/fr\/conditions-dutilisation-du-site\/\" \/>\n<meta property=\"og:site_name\" content=\"TLScontact\" \/>\n<meta property=\"article:modified_time\" content=\"2026-03-02T14:10:48+00:00\" \/>\n<meta name=\"twitter:card\" content=\"summary_large_image\" \/>\n<meta name=\"twitter:label1\" content=\"Dur\u00e9e de lecture estim\u00e9e\" \/>\n\t<meta name=\"twitter:data1\" content=\"7 minutes\" \/>\n<script type=\"application\/ld+json\" class=\"yoast-schema-graph\">{\"@context\":\"https:\/\/schema.org\",\"@graph\":[{\"@type\":\"WebPage\",\"@id\":\"https:\/\/www.tlscontact.com\/fr\/conditions-dutilisation-du-site\/\",\"url\":\"https:\/\/www.tlscontact.com\/fr\/conditions-dutilisation-du-site\/\",\"name\":\"Conditions d&#8217;utilisation du site - TLScontact\",\"isPartOf\":{\"@id\":\"https:\/\/www.tlscontact.com\/en\/#website\"},\"datePublished\":\"2020-01-20T19:53:58+00:00\",\"dateModified\":\"2026-03-02T14:10:48+00:00\",\"description\":\"Merci de lire attentivement les pr\u00e9sentes conditions qui r\u00e9gissent votre utilisation du pr\u00e9sent site, d\u00e9tenu par la soci\u00e9t\u00e9 TLS GROUP S.A. (ci-apr\u00e8s d\u00e9sign\u00e9e \u00ab TLScontact \u00bb, \u00ab nous \u00bb, \u00ab nos \u00bb, \u00ab notre \u00bb).\",\"breadcrumb\":{\"@id\":\"https:\/\/www.tlscontact.com\/fr\/conditions-dutilisation-du-site\/#breadcrumb\"},\"inLanguage\":\"fr-FR\",\"potentialAction\":[{\"@type\":\"ReadAction\",\"target\":[\"https:\/\/www.tlscontact.com\/fr\/conditions-dutilisation-du-site\/\"]}]},{\"@type\":\"BreadcrumbList\",\"@id\":\"https:\/\/www.tlscontact.com\/fr\/conditions-dutilisation-du-site\/#breadcrumb\",\"itemListElement\":[{\"@type\":\"ListItem\",\"position\":1,\"name\":\"Home\",\"item\":\"https:\/\/www.tlscontact.com\/fr\/\"},{\"@type\":\"ListItem\",\"position\":2,\"name\":\"Conditions d&#8217;utilisation du site\"}]},{\"@type\":\"WebSite\",\"@id\":\"https:\/\/www.tlscontact.com\/en\/#website\",\"url\":\"https:\/\/www.tlscontact.com\/en\/\",\"name\":\"TLScontact\",\"description\":\"Your visa partner\",\"potentialAction\":[{\"@type\":\"SearchAction\",\"target\":{\"@type\":\"EntryPoint\",\"urlTemplate\":\"https:\/\/www.tlscontact.com\/en\/?s={search_term_string}\"},\"query-input\":{\"@type\":\"PropertyValueSpecification\",\"valueRequired\":true,\"valueName\":\"search_term_string\"}}],\"inLanguage\":\"fr-FR\"}]}<\/script>\n<!-- \/ Yoast SEO plugin. -->","yoast_head_json":{"title":"Conditions d&#8217;utilisation du site - TLScontact","description":"Merci de lire attentivement les pr\u00e9sentes conditions qui r\u00e9gissent votre utilisation du pr\u00e9sent site, d\u00e9tenu par la soci\u00e9t\u00e9 TLS GROUP S.A. (ci-apr\u00e8s d\u00e9sign\u00e9e \u00ab TLScontact \u00bb, \u00ab nous \u00bb, \u00ab nos \u00bb, \u00ab notre \u00bb).","robots":{"index":"index","follow":"follow","max-snippet":"max-snippet:-1","max-image-preview":"max-image-preview:large","max-video-preview":"max-video-preview:-1"},"canonical":"https:\/\/www.tlscontact.com\/fr\/conditions-dutilisation-du-site\/","og_locale":"fr_FR","og_type":"article","og_title":"Conditions d&#8217;utilisation du site - TLScontact","og_description":"Merci de lire attentivement les pr\u00e9sentes conditions qui r\u00e9gissent votre utilisation du pr\u00e9sent site, d\u00e9tenu par la soci\u00e9t\u00e9 TLS GROUP S.A. (ci-apr\u00e8s d\u00e9sign\u00e9e \u00ab TLScontact \u00bb, \u00ab nous \u00bb, \u00ab nos \u00bb, \u00ab notre \u00bb).","og_url":"https:\/\/www.tlscontact.com\/fr\/conditions-dutilisation-du-site\/","og_site_name":"TLScontact","article_modified_time":"2026-03-02T14:10:48+00:00","twitter_card":"summary_large_image","twitter_misc":{"Dur\u00e9e de lecture estim\u00e9e":"7 minutes"},"schema":{"@context":"https:\/\/schema.org","@graph":[{"@type":"WebPage","@id":"https:\/\/www.tlscontact.com\/fr\/conditions-dutilisation-du-site\/","url":"https:\/\/www.tlscontact.com\/fr\/conditions-dutilisation-du-site\/","name":"Conditions d&#8217;utilisation du site - TLScontact","isPartOf":{"@id":"https:\/\/www.tlscontact.com\/en\/#website"},"datePublished":"2020-01-20T19:53:58+00:00","dateModified":"2026-03-02T14:10:48+00:00","description":"Merci de lire attentivement les pr\u00e9sentes conditions qui r\u00e9gissent votre utilisation du pr\u00e9sent site, d\u00e9tenu par la soci\u00e9t\u00e9 TLS GROUP S.A. (ci-apr\u00e8s d\u00e9sign\u00e9e \u00ab TLScontact \u00bb, \u00ab nous \u00bb, \u00ab nos \u00bb, \u00ab notre \u00bb).","breadcrumb":{"@id":"https:\/\/www.tlscontact.com\/fr\/conditions-dutilisation-du-site\/#breadcrumb"},"inLanguage":"fr-FR","potentialAction":[{"@type":"ReadAction","target":["https:\/\/www.tlscontact.com\/fr\/conditions-dutilisation-du-site\/"]}]},{"@type":"BreadcrumbList","@id":"https:\/\/www.tlscontact.com\/fr\/conditions-dutilisation-du-site\/#breadcrumb","itemListElement":[{"@type":"ListItem","position":1,"name":"Home","item":"https:\/\/www.tlscontact.com\/fr\/"},{"@type":"ListItem","position":2,"name":"Conditions d&#8217;utilisation du site"}]},{"@type":"WebSite","@id":"https:\/\/www.tlscontact.com\/en\/#website","url":"https:\/\/www.tlscontact.com\/en\/","name":"TLScontact","description":"Your visa partner","potentialAction":[{"@type":"SearchAction","target":{"@type":"EntryPoint","urlTemplate":"https:\/\/www.tlscontact.com\/en\/?s={search_term_string}"},"query-input":{"@type":"PropertyValueSpecification","valueRequired":true,"valueName":"search_term_string"}}],"inLanguage":"fr-FR"}]}},"_links":{"self":[{"href":"https:\/\/www.tlscontact.com\/fr\/wp-json\/wp\/v2\/pages\/1349","targetHints":{"allow":["GET"]}}],"collection":[{"href":"https:\/\/www.tlscontact.com\/fr\/wp-json\/wp\/v2\/pages"}],"about":[{"href":"https:\/\/www.tlscontact.com\/fr\/wp-json\/wp\/v2\/types\/page"}],"author":[{"embeddable":true,"href":"https:\/\/www.tlscontact.com\/fr\/wp-json\/wp\/v2\/users\/3"}],"replies":[{"embeddable":true,"href":"https:\/\/www.tlscontact.com\/fr\/wp-json\/wp\/v2\/comments?post=1349"}],"version-history":[{"count":0,"href":"https:\/\/www.tlscontact.com\/fr\/wp-json\/wp\/v2\/pages\/1349\/revisions"}],"wp:attachment":[{"href":"https:\/\/www.tlscontact.com\/fr\/wp-json\/wp\/v2\/media?parent=1349"}],"curies":[{"name":"wp","href":"https:\/\/api.w.org\/{rel}","templated":true}]}}