{"id":1350,"date":"2020-01-20T20:59:15","date_gmt":"2020-01-20T19:59:15","guid":{"rendered":"http:\/\/www99.tlscontact.com\/?page_id=1350"},"modified":"2025-08-04T10:36:27","modified_gmt":"2025-08-04T08:36:27","slug":"notre-histoire","status":"publish","type":"page","link":"https:\/\/www.tlscontact.com\/fr\/notre-histoire\/","title":{"rendered":"Notre histoire"},"content":{"rendered":"","protected":false},"excerpt":{"rendered":"","protected":false},"author":3,"featured_media":4705,"parent":0,"menu_order":0,"comment_status":"closed","ping_status":"closed","template":"","meta":{"_acf_changed":true,"inline_featured_image":false,"footnotes":""},"class_list":["post-1350","page","type-page","status-publish","has-post-thumbnail","hentry"],"acf":[],"yoast_head":"<!-- This site is optimized with the Yoast SEO plugin v27.2 - https:\/\/yoast.com\/product\/yoast-seo-wordpress\/ -->\n<title>Notre histoire - TLScontact<\/title>\n<meta name=\"description\" content=\"TLScontact a fait ses d\u00e9buts comme Telesmart, fournissant des services d\u2019h\u00e9bergement sur internet \u00e0 l\u2019ambassade de France en Chine. Alors que l\u2019ambassade \u00e9tait confront\u00e9e \u00e0 une augmentation de la demande de visas pour des touristes chinois souhaitant visiter la France, Telesmart est devenue TLScontact, mettant \u00e0 profit son savoir-faire technologique pour d\u00e9velopper une solution pour la gestion des demandes de visa.\" \/>\n<meta name=\"robots\" content=\"index, follow, max-snippet:-1, max-image-preview:large, max-video-preview:-1\" \/>\n<link rel=\"canonical\" href=\"https:\/\/www.tlscontact.com\/fr\/notre-histoire\/\" \/>\n<meta property=\"og:locale\" content=\"fr_FR\" \/>\n<meta property=\"og:type\" content=\"article\" \/>\n<meta property=\"og:title\" content=\"Notre histoire - TLScontact\" \/>\n<meta property=\"og:description\" content=\"TLScontact a fait ses d\u00e9buts comme Telesmart, fournissant des services d\u2019h\u00e9bergement sur internet \u00e0 l\u2019ambassade de France en Chine. Alors que l\u2019ambassade \u00e9tait confront\u00e9e \u00e0 une augmentation de la demande de visas pour des touristes chinois souhaitant visiter la France, Telesmart est devenue TLScontact, mettant \u00e0 profit son savoir-faire technologique pour d\u00e9velopper une solution pour la gestion des demandes de visa.\" \/>\n<meta property=\"og:url\" content=\"https:\/\/www.tlscontact.com\/fr\/notre-histoire\/\" \/>\n<meta property=\"og:site_name\" content=\"TLScontact\" \/>\n<meta property=\"article:modified_time\" content=\"2025-08-04T08:36:27+00:00\" \/>\n<meta property=\"og:image\" content=\"https:\/\/www.tlscontact.com\/wp-content\/uploads\/2025\/08\/Tunis_Tunisia_Inauguration_19-dec-2023-1-scaled-1.jpg\" \/>\n\t<meta property=\"og:image:width\" content=\"2560\" \/>\n\t<meta property=\"og:image:height\" content=\"1707\" \/>\n\t<meta property=\"og:image:type\" content=\"image\/jpeg\" \/>\n<meta name=\"twitter:card\" content=\"summary_large_image\" \/>\n<meta name=\"twitter:label1\" content=\"Dur\u00e9e de lecture estim\u00e9e\" \/>\n\t<meta name=\"twitter:data1\" content=\"1 minute\" \/>\n<script type=\"application\/ld+json\" class=\"yoast-schema-graph\">{\"@context\":\"https:\/\/schema.org\",\"@graph\":[{\"@type\":\"WebPage\",\"@id\":\"https:\/\/www.tlscontact.com\/fr\/notre-histoire\/\",\"url\":\"https:\/\/www.tlscontact.com\/fr\/notre-histoire\/\",\"name\":\"Notre histoire - TLScontact\",\"isPartOf\":{\"@id\":\"https:\/\/www.tlscontact.com\/en\/#website\"},\"primaryImageOfPage\":{\"@id\":\"https:\/\/www.tlscontact.com\/fr\/notre-histoire\/#primaryimage\"},\"image\":{\"@id\":\"https:\/\/www.tlscontact.com\/fr\/notre-histoire\/#primaryimage\"},\"thumbnailUrl\":\"https:\/\/www.tlscontact.com\/wp-content\/uploads\/2025\/08\/Tunis_Tunisia_Inauguration_19-dec-2023-1-scaled-1.jpg\",\"datePublished\":\"2020-01-20T19:59:15+00:00\",\"dateModified\":\"2025-08-04T08:36:27+00:00\",\"description\":\"TLScontact a fait ses d\u00e9buts comme Telesmart, fournissant des services d\u2019h\u00e9bergement sur internet \u00e0 l\u2019ambassade de France en Chine. Alors que l\u2019ambassade \u00e9tait confront\u00e9e \u00e0 une augmentation de la demande de visas pour des touristes chinois souhaitant visiter la France, Telesmart est devenue TLScontact, mettant \u00e0 profit son savoir-faire technologique pour d\u00e9velopper une solution pour la gestion des demandes de visa.\",\"breadcrumb\":{\"@id\":\"https:\/\/www.tlscontact.com\/fr\/notre-histoire\/#breadcrumb\"},\"inLanguage\":\"fr-FR\",\"potentialAction\":[{\"@type\":\"ReadAction\",\"target\":[\"https:\/\/www.tlscontact.com\/fr\/notre-histoire\/\"]}]},{\"@type\":\"ImageObject\",\"inLanguage\":\"fr-FR\",\"@id\":\"https:\/\/www.tlscontact.com\/fr\/notre-histoire\/#primaryimage\",\"url\":\"https:\/\/www.tlscontact.com\/wp-content\/uploads\/2025\/08\/Tunis_Tunisia_Inauguration_19-dec-2023-1-scaled-1.jpg\",\"contentUrl\":\"https:\/\/www.tlscontact.com\/wp-content\/uploads\/2025\/08\/Tunis_Tunisia_Inauguration_19-dec-2023-1-scaled-1.jpg\",\"width\":2560,\"height\":1707},{\"@type\":\"BreadcrumbList\",\"@id\":\"https:\/\/www.tlscontact.com\/fr\/notre-histoire\/#breadcrumb\",\"itemListElement\":[{\"@type\":\"ListItem\",\"position\":1,\"name\":\"Home\",\"item\":\"https:\/\/www.tlscontact.com\/fr\/\"},{\"@type\":\"ListItem\",\"position\":2,\"name\":\"Notre histoire\"}]},{\"@type\":\"WebSite\",\"@id\":\"https:\/\/www.tlscontact.com\/en\/#website\",\"url\":\"https:\/\/www.tlscontact.com\/en\/\",\"name\":\"TLScontact\",\"description\":\"Your visa partner\",\"potentialAction\":[{\"@type\":\"SearchAction\",\"target\":{\"@type\":\"EntryPoint\",\"urlTemplate\":\"https:\/\/www.tlscontact.com\/en\/?s={search_term_string}\"},\"query-input\":{\"@type\":\"PropertyValueSpecification\",\"valueRequired\":true,\"valueName\":\"search_term_string\"}}],\"inLanguage\":\"fr-FR\"}]}<\/script>\n<!-- \/ Yoast SEO plugin. -->","yoast_head_json":{"title":"Notre histoire - TLScontact","description":"TLScontact a fait ses d\u00e9buts comme Telesmart, fournissant des services d\u2019h\u00e9bergement sur internet \u00e0 l\u2019ambassade de France en Chine. Alors que l\u2019ambassade \u00e9tait confront\u00e9e \u00e0 une augmentation de la demande de visas pour des touristes chinois souhaitant visiter la France, Telesmart est devenue TLScontact, mettant \u00e0 profit son savoir-faire technologique pour d\u00e9velopper une solution pour la gestion des demandes de visa.","robots":{"index":"index","follow":"follow","max-snippet":"max-snippet:-1","max-image-preview":"max-image-preview:large","max-video-preview":"max-video-preview:-1"},"canonical":"https:\/\/www.tlscontact.com\/fr\/notre-histoire\/","og_locale":"fr_FR","og_type":"article","og_title":"Notre histoire - TLScontact","og_description":"TLScontact a fait ses d\u00e9buts comme Telesmart, fournissant des services d\u2019h\u00e9bergement sur internet \u00e0 l\u2019ambassade de France en Chine. Alors que l\u2019ambassade \u00e9tait confront\u00e9e \u00e0 une augmentation de la demande de visas pour des touristes chinois souhaitant visiter la France, Telesmart est devenue TLScontact, mettant \u00e0 profit son savoir-faire technologique pour d\u00e9velopper une solution pour la gestion des demandes de visa.","og_url":"https:\/\/www.tlscontact.com\/fr\/notre-histoire\/","og_site_name":"TLScontact","article_modified_time":"2025-08-04T08:36:27+00:00","og_image":[{"width":2560,"height":1707,"url":"https:\/\/www.tlscontact.com\/wp-content\/uploads\/2025\/08\/Tunis_Tunisia_Inauguration_19-dec-2023-1-scaled-1.jpg","type":"image\/jpeg"}],"twitter_card":"summary_large_image","twitter_misc":{"Dur\u00e9e de lecture estim\u00e9e":"1 minute"},"schema":{"@context":"https:\/\/schema.org","@graph":[{"@type":"WebPage","@id":"https:\/\/www.tlscontact.com\/fr\/notre-histoire\/","url":"https:\/\/www.tlscontact.com\/fr\/notre-histoire\/","name":"Notre histoire - TLScontact","isPartOf":{"@id":"https:\/\/www.tlscontact.com\/en\/#website"},"primaryImageOfPage":{"@id":"https:\/\/www.tlscontact.com\/fr\/notre-histoire\/#primaryimage"},"image":{"@id":"https:\/\/www.tlscontact.com\/fr\/notre-histoire\/#primaryimage"},"thumbnailUrl":"https:\/\/www.tlscontact.com\/wp-content\/uploads\/2025\/08\/Tunis_Tunisia_Inauguration_19-dec-2023-1-scaled-1.jpg","datePublished":"2020-01-20T19:59:15+00:00","dateModified":"2025-08-04T08:36:27+00:00","description":"TLScontact a fait ses d\u00e9buts comme Telesmart, fournissant des services d\u2019h\u00e9bergement sur internet \u00e0 l\u2019ambassade de France en Chine. Alors que l\u2019ambassade \u00e9tait confront\u00e9e \u00e0 une augmentation de la demande de visas pour des touristes chinois souhaitant visiter la France, Telesmart est devenue TLScontact, mettant \u00e0 profit son savoir-faire technologique pour d\u00e9velopper une solution pour la gestion des demandes de visa.","breadcrumb":{"@id":"https:\/\/www.tlscontact.com\/fr\/notre-histoire\/#breadcrumb"},"inLanguage":"fr-FR","potentialAction":[{"@type":"ReadAction","target":["https:\/\/www.tlscontact.com\/fr\/notre-histoire\/"]}]},{"@type":"ImageObject","inLanguage":"fr-FR","@id":"https:\/\/www.tlscontact.com\/fr\/notre-histoire\/#primaryimage","url":"https:\/\/www.tlscontact.com\/wp-content\/uploads\/2025\/08\/Tunis_Tunisia_Inauguration_19-dec-2023-1-scaled-1.jpg","contentUrl":"https:\/\/www.tlscontact.com\/wp-content\/uploads\/2025\/08\/Tunis_Tunisia_Inauguration_19-dec-2023-1-scaled-1.jpg","width":2560,"height":1707},{"@type":"BreadcrumbList","@id":"https:\/\/www.tlscontact.com\/fr\/notre-histoire\/#breadcrumb","itemListElement":[{"@type":"ListItem","position":1,"name":"Home","item":"https:\/\/www.tlscontact.com\/fr\/"},{"@type":"ListItem","position":2,"name":"Notre histoire"}]},{"@type":"WebSite","@id":"https:\/\/www.tlscontact.com\/en\/#website","url":"https:\/\/www.tlscontact.com\/en\/","name":"TLScontact","description":"Your visa partner","potentialAction":[{"@type":"SearchAction","target":{"@type":"EntryPoint","urlTemplate":"https:\/\/www.tlscontact.com\/en\/?s={search_term_string}"},"query-input":{"@type":"PropertyValueSpecification","valueRequired":true,"valueName":"search_term_string"}}],"inLanguage":"fr-FR"}]}},"_links":{"self":[{"href":"https:\/\/www.tlscontact.com\/fr\/wp-json\/wp\/v2\/pages\/1350","targetHints":{"allow":["GET"]}}],"collection":[{"href":"https:\/\/www.tlscontact.com\/fr\/wp-json\/wp\/v2\/pages"}],"about":[{"href":"https:\/\/www.tlscontact.com\/fr\/wp-json\/wp\/v2\/types\/page"}],"author":[{"embeddable":true,"href":"https:\/\/www.tlscontact.com\/fr\/wp-json\/wp\/v2\/users\/3"}],"replies":[{"embeddable":true,"href":"https:\/\/www.tlscontact.com\/fr\/wp-json\/wp\/v2\/comments?post=1350"}],"version-history":[{"count":0,"href":"https:\/\/www.tlscontact.com\/fr\/wp-json\/wp\/v2\/pages\/1350\/revisions"}],"wp:featuredmedia":[{"embeddable":true,"href":"https:\/\/www.tlscontact.com\/fr\/wp-json\/wp\/v2\/media\/4705"}],"wp:attachment":[{"href":"https:\/\/www.tlscontact.com\/fr\/wp-json\/wp\/v2\/media?parent=1350"}],"curies":[{"name":"wp","href":"https:\/\/api.w.org\/{rel}","templated":true}]}}