{"id":1627,"date":"2020-01-29T00:51:41","date_gmt":"2020-01-28T23:51:41","guid":{"rendered":"http:\/\/www99.tlscontact.com\/contact-us\/"},"modified":"2024-05-09T13:20:13","modified_gmt":"2024-05-09T11:20:13","slug":"contact-us","status":"publish","type":"page","link":"https:\/\/www.tlscontact.com\/fr\/contact-us\/","title":{"rendered":"Nous contacter"},"content":{"rendered":"","protected":false},"excerpt":{"rendered":"","protected":false},"author":3,"featured_media":0,"parent":0,"menu_order":0,"comment_status":"closed","ping_status":"closed","template":"page.php","meta":{"_acf_changed":false,"inline_featured_image":false,"footnotes":""},"class_list":["post-1627","page","type-page","status-publish","hentry"],"acf":[],"yoast_head":"<!-- This site is optimized with the Yoast SEO plugin v27.2 - https:\/\/yoast.com\/product\/yoast-seo-wordpress\/ -->\n<title>Nous contacter - TLScontact<\/title>\n<meta name=\"description\" content=\"Si vous souhaitez en savoir plus sur la mani\u00e8re dont nous pouvons vous accompagner dans la gestion de vos demandes de visa ou de services consulaires et citoyens, veuillez remplir et envoyer le formulaire ci-dessous. L&#039;un de nos collaborateurs vous r\u00e9pondra dans les plus brefs d\u00e9lais.Veuillez noter que ce formulaire est uniquement r\u00e9serv\u00e9 aux gouvernements et aux demandes d&#039;informations commerciales.\" \/>\n<meta name=\"robots\" content=\"index, follow, max-snippet:-1, max-image-preview:large, max-video-preview:-1\" \/>\n<link rel=\"canonical\" href=\"https:\/\/www.tlscontact.com\/fr\/contact-us\/\" \/>\n<meta property=\"og:locale\" content=\"fr_FR\" \/>\n<meta property=\"og:type\" content=\"article\" \/>\n<meta property=\"og:title\" content=\"Nous contacter - TLScontact\" \/>\n<meta property=\"og:description\" content=\"Si vous souhaitez en savoir plus sur la mani\u00e8re dont nous pouvons vous accompagner dans la gestion de vos demandes de visa ou de services consulaires et citoyens, veuillez remplir et envoyer le formulaire ci-dessous. L&#039;un de nos collaborateurs vous r\u00e9pondra dans les plus brefs d\u00e9lais.Veuillez noter que ce formulaire est uniquement r\u00e9serv\u00e9 aux gouvernements et aux demandes d&#039;informations commerciales.\" \/>\n<meta property=\"og:url\" content=\"https:\/\/www.tlscontact.com\/fr\/contact-us\/\" \/>\n<meta property=\"og:site_name\" content=\"TLScontact\" \/>\n<meta property=\"article:modified_time\" content=\"2024-05-09T11:20:13+00:00\" \/>\n<meta name=\"twitter:card\" content=\"summary_large_image\" \/>\n<script type=\"application\/ld+json\" class=\"yoast-schema-graph\">{\"@context\":\"https:\/\/schema.org\",\"@graph\":[{\"@type\":\"WebPage\",\"@id\":\"https:\/\/www.tlscontact.com\/fr\/contact-us\/\",\"url\":\"https:\/\/www.tlscontact.com\/fr\/contact-us\/\",\"name\":\"Nous contacter - TLScontact\",\"isPartOf\":{\"@id\":\"https:\/\/www.tlscontact.com\/en\/#website\"},\"datePublished\":\"2020-01-28T23:51:41+00:00\",\"dateModified\":\"2024-05-09T11:20:13+00:00\",\"description\":\"Si vous souhaitez en savoir plus sur la mani\u00e8re dont nous pouvons vous accompagner dans la gestion de vos demandes de visa ou de services consulaires et citoyens, veuillez remplir et envoyer le formulaire ci-dessous. L'un de nos collaborateurs vous r\u00e9pondra dans les plus brefs d\u00e9lais.Veuillez noter que ce formulaire est uniquement r\u00e9serv\u00e9 aux gouvernements et aux demandes d'informations commerciales.\",\"breadcrumb\":{\"@id\":\"https:\/\/www.tlscontact.com\/fr\/contact-us\/#breadcrumb\"},\"inLanguage\":\"fr-FR\",\"potentialAction\":[{\"@type\":\"ReadAction\",\"target\":[\"https:\/\/www.tlscontact.com\/fr\/contact-us\/\"]}]},{\"@type\":\"BreadcrumbList\",\"@id\":\"https:\/\/www.tlscontact.com\/fr\/contact-us\/#breadcrumb\",\"itemListElement\":[{\"@type\":\"ListItem\",\"position\":1,\"name\":\"Home\",\"item\":\"https:\/\/www.tlscontact.com\/fr\/\"},{\"@type\":\"ListItem\",\"position\":2,\"name\":\"Nous contacter\"}]},{\"@type\":\"WebSite\",\"@id\":\"https:\/\/www.tlscontact.com\/en\/#website\",\"url\":\"https:\/\/www.tlscontact.com\/en\/\",\"name\":\"TLScontact\",\"description\":\"Your visa partner\",\"potentialAction\":[{\"@type\":\"SearchAction\",\"target\":{\"@type\":\"EntryPoint\",\"urlTemplate\":\"https:\/\/www.tlscontact.com\/en\/?s={search_term_string}\"},\"query-input\":{\"@type\":\"PropertyValueSpecification\",\"valueRequired\":true,\"valueName\":\"search_term_string\"}}],\"inLanguage\":\"fr-FR\"}]}<\/script>\n<!-- \/ Yoast SEO plugin. -->","yoast_head_json":{"title":"Nous contacter - TLScontact","description":"Si vous souhaitez en savoir plus sur la mani\u00e8re dont nous pouvons vous accompagner dans la gestion de vos demandes de visa ou de services consulaires et citoyens, veuillez remplir et envoyer le formulaire ci-dessous. L'un de nos collaborateurs vous r\u00e9pondra dans les plus brefs d\u00e9lais.Veuillez noter que ce formulaire est uniquement r\u00e9serv\u00e9 aux gouvernements et aux demandes d'informations commerciales.","robots":{"index":"index","follow":"follow","max-snippet":"max-snippet:-1","max-image-preview":"max-image-preview:large","max-video-preview":"max-video-preview:-1"},"canonical":"https:\/\/www.tlscontact.com\/fr\/contact-us\/","og_locale":"fr_FR","og_type":"article","og_title":"Nous contacter - TLScontact","og_description":"Si vous souhaitez en savoir plus sur la mani\u00e8re dont nous pouvons vous accompagner dans la gestion de vos demandes de visa ou de services consulaires et citoyens, veuillez remplir et envoyer le formulaire ci-dessous. L'un de nos collaborateurs vous r\u00e9pondra dans les plus brefs d\u00e9lais.Veuillez noter que ce formulaire est uniquement r\u00e9serv\u00e9 aux gouvernements et aux demandes d'informations commerciales.","og_url":"https:\/\/www.tlscontact.com\/fr\/contact-us\/","og_site_name":"TLScontact","article_modified_time":"2024-05-09T11:20:13+00:00","twitter_card":"summary_large_image","schema":{"@context":"https:\/\/schema.org","@graph":[{"@type":"WebPage","@id":"https:\/\/www.tlscontact.com\/fr\/contact-us\/","url":"https:\/\/www.tlscontact.com\/fr\/contact-us\/","name":"Nous contacter - TLScontact","isPartOf":{"@id":"https:\/\/www.tlscontact.com\/en\/#website"},"datePublished":"2020-01-28T23:51:41+00:00","dateModified":"2024-05-09T11:20:13+00:00","description":"Si vous souhaitez en savoir plus sur la mani\u00e8re dont nous pouvons vous accompagner dans la gestion de vos demandes de visa ou de services consulaires et citoyens, veuillez remplir et envoyer le formulaire ci-dessous. L'un de nos collaborateurs vous r\u00e9pondra dans les plus brefs d\u00e9lais.Veuillez noter que ce formulaire est uniquement r\u00e9serv\u00e9 aux gouvernements et aux demandes d'informations commerciales.","breadcrumb":{"@id":"https:\/\/www.tlscontact.com\/fr\/contact-us\/#breadcrumb"},"inLanguage":"fr-FR","potentialAction":[{"@type":"ReadAction","target":["https:\/\/www.tlscontact.com\/fr\/contact-us\/"]}]},{"@type":"BreadcrumbList","@id":"https:\/\/www.tlscontact.com\/fr\/contact-us\/#breadcrumb","itemListElement":[{"@type":"ListItem","position":1,"name":"Home","item":"https:\/\/www.tlscontact.com\/fr\/"},{"@type":"ListItem","position":2,"name":"Nous contacter"}]},{"@type":"WebSite","@id":"https:\/\/www.tlscontact.com\/en\/#website","url":"https:\/\/www.tlscontact.com\/en\/","name":"TLScontact","description":"Your visa partner","potentialAction":[{"@type":"SearchAction","target":{"@type":"EntryPoint","urlTemplate":"https:\/\/www.tlscontact.com\/en\/?s={search_term_string}"},"query-input":{"@type":"PropertyValueSpecification","valueRequired":true,"valueName":"search_term_string"}}],"inLanguage":"fr-FR"}]}},"_links":{"self":[{"href":"https:\/\/www.tlscontact.com\/fr\/wp-json\/wp\/v2\/pages\/1627","targetHints":{"allow":["GET"]}}],"collection":[{"href":"https:\/\/www.tlscontact.com\/fr\/wp-json\/wp\/v2\/pages"}],"about":[{"href":"https:\/\/www.tlscontact.com\/fr\/wp-json\/wp\/v2\/types\/page"}],"author":[{"embeddable":true,"href":"https:\/\/www.tlscontact.com\/fr\/wp-json\/wp\/v2\/users\/3"}],"replies":[{"embeddable":true,"href":"https:\/\/www.tlscontact.com\/fr\/wp-json\/wp\/v2\/comments?post=1627"}],"version-history":[{"count":0,"href":"https:\/\/www.tlscontact.com\/fr\/wp-json\/wp\/v2\/pages\/1627\/revisions"}],"wp:attachment":[{"href":"https:\/\/www.tlscontact.com\/fr\/wp-json\/wp\/v2\/media?parent=1627"}],"curies":[{"name":"wp","href":"https:\/\/api.w.org\/{rel}","templated":true}]}}